{"id":1426,"date":"2026-01-09T09:30:44","date_gmt":"2026-01-09T15:30:44","guid":{"rendered":"http:\/\/reco-andes.com\/?page_id=1426"},"modified":"2026-01-09T10:33:12","modified_gmt":"2026-01-09T16:33:12","slug":"relacion-bosque-y-agua-subterranea","status":"publish","type":"page","link":"http:\/\/reco-andes.com\/index.php\/ecologia-y-restauracion\/relacion-bosque-y-agua-subterranea\/","title":{"rendered":"Relaci\u00f3n entre el bosque y el agua subterr\u00e1nea"},"content":{"rendered":"\t\t<div data-elementor-type=\"wp-page\" data-elementor-id=\"1426\" class=\"elementor elementor-1426\">\n\t\t\t\t<div class=\"elementor-element elementor-element-fe42f5e e-flex e-con-boxed e-con e-parent\" data-id=\"fe42f5e\" data-element_type=\"container\">\n\t\t\t\t\t<div class=\"e-con-inner\">\n\t\t\t\t<div class=\"elementor-element elementor-element-b563b37 elementor-widget elementor-widget-heading\" data-id=\"b563b37\" data-element_type=\"widget\" data-widget_type=\"heading.default\">\n\t\t\t\t<div class=\"elementor-widget-container\">\n\t\t\t<style>\/*! elementor - v3.21.0 - 25-04-2024 *\/\n.elementor-heading-title{padding:0;margin:0;line-height:1}.elementor-widget-heading .elementor-heading-title[class*=elementor-size-]>a{color:inherit;font-size:inherit;line-height:inherit}.elementor-widget-heading .elementor-heading-title.elementor-size-small{font-size:15px}.elementor-widget-heading .elementor-heading-title.elementor-size-medium{font-size:19px}.elementor-widget-heading .elementor-heading-title.elementor-size-large{font-size:29px}.elementor-widget-heading .elementor-heading-title.elementor-size-xl{font-size:39px}.elementor-widget-heading .elementor-heading-title.elementor-size-xxl{font-size:59px}<\/style><h1 class=\"elementor-heading-title elementor-size-default\">Los bosques como un ecosistema clave para la Recarga de Agua Subterr\u00e1nea <\/h1>\t\t<\/div>\n\t\t\t\t<\/div>\n\t\t\t\t\t<\/div>\n\t\t\t\t<\/div>\n\t\t<div class=\"elementor-element elementor-element-e941bd4 e-flex e-con-boxed e-con e-parent\" data-id=\"e941bd4\" data-element_type=\"container\">\n\t\t\t\t\t<div class=\"e-con-inner\">\n\t\t\t\t<div class=\"elementor-element elementor-element-0248b8b elementor-widget elementor-widget-text-editor\" data-id=\"0248b8b\" data-element_type=\"widget\" data-widget_type=\"text-editor.default\">\n\t\t\t\t<div class=\"elementor-widget-container\">\n\t\t\t<style>\/*! elementor - v3.21.0 - 25-04-2024 *\/\n.elementor-widget-text-editor.elementor-drop-cap-view-stacked .elementor-drop-cap{background-color:#69727d;color:#fff}.elementor-widget-text-editor.elementor-drop-cap-view-framed .elementor-drop-cap{color:#69727d;border:3px solid;background-color:transparent}.elementor-widget-text-editor:not(.elementor-drop-cap-view-default) .elementor-drop-cap{margin-top:8px}.elementor-widget-text-editor:not(.elementor-drop-cap-view-default) .elementor-drop-cap-letter{width:1em;height:1em}.elementor-widget-text-editor .elementor-drop-cap{float:left;text-align:center;line-height:1;font-size:50px}.elementor-widget-text-editor .elementor-drop-cap-letter{display:inline-block}<\/style>\t\t\t\t<p style=\"text-align: right;\">Por F\u00e1tima Sof\u00eda Proa\u00f1o A. | Publicado el 09 de enero de 2026.<\/p>\t\t\t\t\t\t<\/div>\n\t\t\t\t<\/div>\n\t\t\t\t\t<\/div>\n\t\t\t\t<\/div>\n\t\t<div class=\"elementor-element elementor-element-0fb32d6 e-flex e-con-boxed e-con e-parent\" data-id=\"0fb32d6\" data-element_type=\"container\">\n\t\t\t\t\t<div class=\"e-con-inner\">\n\t\t<div class=\"elementor-element elementor-element-2fccb33 e-con-full e-flex e-con e-child\" data-id=\"2fccb33\" data-element_type=\"container\">\n\t\t\t\t<div class=\"elementor-element elementor-element-c038e0b elementor-widget elementor-widget-text-editor\" data-id=\"c038e0b\" data-element_type=\"widget\" data-widget_type=\"text-editor.default\">\n\t\t\t\t<div class=\"elementor-widget-container\">\n\t\t\t\t\t\t\t<p>Los efectos del cambio clim\u00e1tico se han evidenciado en las \u00faltimas d\u00e9cadas. Cada a\u00f1o se perciben con mayor intensidad los cambios en el clima, los climas extremos. En este contexto, se observa las olas de calor y episodios de fuertes precipitaciones donde se ha demostrado que su causa est\u00e1 vinculada a las actividades humanas (Fischer &amp; Knutti, 2015). Desde esta perspectiva, los bosques desempe\u00f1an un rol fundamental en la resiliencia frente a los efectos del cambio clim\u00e1tico, debido a los m\u00faltiples beneficios que aportan.<\/p>\n<p><span style=\"font-weight: 400;\">Los bosques intervienen en el suministro de agua de calidad para distintos usos, y adem\u00e1s cumplen la funci\u00f3n de estabilizar y proteger los suelos de la erosi\u00f3n. La gran parte del agua dulce mundial se proporciona a trav\u00e9s de cuencas arboladas, y los bosques protegen muchos embalses y presas del colmatado por sedimentos (Blanco, 2017). Otros beneficios de los bosques se encuentran en la recarga de agua subterr\u00e1nea y en la protecci\u00f3n contra inundaciones.&nbsp;<\/span><\/p>\t\t\t\t\t\t<\/div>\n\t\t\t\t<\/div>\n\t\t\t\t<\/div>\n\t\t<div class=\"elementor-element elementor-element-6e778e9 e-con-full e-flex e-con e-child\" data-id=\"6e778e9\" data-element_type=\"container\">\n\t\t\t\t<div class=\"elementor-element elementor-element-0e649f9 elementor-widget elementor-widget-image\" data-id=\"0e649f9\" data-element_type=\"widget\" data-widget_type=\"image.default\">\n\t\t\t\t<div class=\"elementor-widget-container\">\n\t\t\t<style>\/*! elementor - v3.21.0 - 25-04-2024 *\/\n.elementor-widget-image{text-align:center}.elementor-widget-image a{display:inline-block}.elementor-widget-image a img[src$=\".svg\"]{width:48px}.elementor-widget-image img{vertical-align:middle;display:inline-block}<\/style>\t\t\t\t\t\t\t<figure class=\"wp-caption\">\n\t\t\t\t\t\t\t\t\t\t\t<a href=\"https:\/\/condesan.org\/wp-content\/uploads\/2018\/10\/\u00c1rboles-noroccidente-23.10BR.pdf\">\n\t\t\t\t\t\t\t<img fetchpriority=\"high\" decoding=\"async\" width=\"386\" height=\"565\" src=\"http:\/\/reco-andes.com\/wp-content\/uploads\/2026\/01\/Bosque-humedo-de-los-Andes-Tropicales.png\" class=\"attachment-medium_large size-medium_large wp-image-1420\" alt=\"\" srcset=\"http:\/\/reco-andes.com\/wp-content\/uploads\/2026\/01\/Bosque-humedo-de-los-Andes-Tropicales.png 386w, http:\/\/reco-andes.com\/wp-content\/uploads\/2026\/01\/Bosque-humedo-de-los-Andes-Tropicales-205x300.png 205w\" sizes=\"(max-width: 386px) 100vw, 386px\" \/>\t\t\t\t\t\t\t\t<\/a>\n\t\t\t\t\t\t\t\t\t\t\t<figcaption class=\"widget-image-caption wp-caption-text\">Bosque H\u00famedo de los Andes Tropicales de Ecuador. <\/figcaption>\n\t\t\t\t\t\t\t\t\t\t<\/figure>\n\t\t\t\t\t\t\t<\/div>\n\t\t\t\t<\/div>\n\t\t\t\t<\/div>\n\t\t\t\t\t<\/div>\n\t\t\t\t<\/div>\n\t\t<div class=\"elementor-element elementor-element-e222dc6 e-flex e-con-boxed e-con e-parent\" data-id=\"e222dc6\" data-element_type=\"container\">\n\t\t\t\t\t<div class=\"e-con-inner\">\n\t\t\t\t<div class=\"elementor-element elementor-element-6726372 elementor-widget elementor-widget-text-editor\" data-id=\"6726372\" data-element_type=\"widget\" data-widget_type=\"text-editor.default\">\n\t\t\t\t<div class=\"elementor-widget-container\">\n\t\t\t\t\t\t\t<p><span style=\"font-weight: 400;\">Las precipitaciones intensas se observan con mayor frecuencia, lo que aumenta la probabilidad de inundaciones. La p\u00e9rdida de cubierta arb\u00f3rea conduce a la compactaci\u00f3n y endurecimiento del suelo, la erosi\u00f3n, reducci\u00f3n de la infiltraci\u00f3n y aumento de la escorrent\u00eda, promoviendo as\u00ed inundaciones (Ellison <\/span><i><span style=\"font-weight: 400;\">et al<\/span><\/i><span style=\"font-weight: 400;\">., 2017). En consecuencia, se genera un riesgo social directo para las personas en la zona de afectaci\u00f3n. Sin embargo, los bosques cumplen una funci\u00f3n de mitigaci\u00f3n al mejorar la infiltraci\u00f3n del agua por medio de sus ra\u00edces (Zapata &amp; Manzano, 2008). Esta funci\u00f3n adem\u00e1s de evitar una inundaci\u00f3n, contribuye directamente en la recarga de agua subterr\u00e1nea como se observa en la Figura 1.\u00a0<\/span><\/p>\t\t\t\t\t\t<\/div>\n\t\t\t\t<\/div>\n\t\t\t\t\t<\/div>\n\t\t\t\t<\/div>\n\t\t<div class=\"elementor-element elementor-element-90add95 e-flex e-con-boxed e-con e-parent\" data-id=\"90add95\" data-element_type=\"container\">\n\t\t\t\t\t<div class=\"e-con-inner\">\n\t\t\t\t<div class=\"elementor-element elementor-element-b872233 elementor-widget elementor-widget-image\" data-id=\"b872233\" data-element_type=\"widget\" data-widget_type=\"image.default\">\n\t\t\t\t<div class=\"elementor-widget-container\">\n\t\t\t\t\t\t\t\t\t\t<figure class=\"wp-caption\">\n\t\t\t\t\t\t\t\t\t\t\t<a href=\"https:\/\/www.nature.com\/articles\/srep21930\">\n\t\t\t\t\t\t\t<img decoding=\"async\" width=\"563\" height=\"357\" src=\"http:\/\/reco-andes.com\/wp-content\/uploads\/2026\/01\/Captura-de-pantalla-2026-01-09-081453.png\" class=\"attachment-large size-large wp-image-1421\" alt=\"\" srcset=\"http:\/\/reco-andes.com\/wp-content\/uploads\/2026\/01\/Captura-de-pantalla-2026-01-09-081453.png 563w, http:\/\/reco-andes.com\/wp-content\/uploads\/2026\/01\/Captura-de-pantalla-2026-01-09-081453-300x190.png 300w\" sizes=\"(max-width: 563px) 100vw, 563px\" \/>\t\t\t\t\t\t\t\t<\/a>\n\t\t\t\t\t\t\t\t\t\t\t<figcaption class=\"widget-image-caption wp-caption-text\">Figura 1. Presupuesto h\u00eddrico conceptual de la teor\u00eda de cobertura arb\u00f3rea \u00f3ptima. <\/figcaption>\n\t\t\t\t\t\t\t\t\t\t<\/figure>\n\t\t\t\t\t\t\t<\/div>\n\t\t\t\t<\/div>\n\t\t\t\t\t<\/div>\n\t\t\t\t<\/div>\n\t\t<div class=\"elementor-element elementor-element-055236c e-flex e-con-boxed e-con e-parent\" data-id=\"055236c\" data-element_type=\"container\">\n\t\t\t\t\t<div class=\"e-con-inner\">\n\t\t\t\t<div class=\"elementor-element elementor-element-917f8d5 elementor-widget elementor-widget-text-editor\" data-id=\"917f8d5\" data-element_type=\"widget\" data-widget_type=\"text-editor.default\">\n\t\t\t\t<div class=\"elementor-widget-container\">\n\t\t\t\t\t\t\t<p><span style=\"font-weight: 400;\">En la Figura 2 se presenta la principal vegetaci\u00f3n de los bosques montanos del noroccidente de Pichincha &#8211; Ecuador. Los bosques montanos presentan una variedad en arbustos, \u00e1rboles, palmas, entre otros, que aportan a la capacidad de infiltraci\u00f3n del suelo del bosque.\u00a0<\/span><\/p>\t\t\t\t\t\t<\/div>\n\t\t\t\t<\/div>\n\t\t\t\t\t<\/div>\n\t\t\t\t<\/div>\n\t\t<div class=\"elementor-element elementor-element-d56b5c1 e-flex e-con-boxed e-con e-parent\" data-id=\"d56b5c1\" data-element_type=\"container\">\n\t\t\t\t\t<div class=\"e-con-inner\">\n\t\t\t\t<div class=\"elementor-element elementor-element-3580027 elementor-widget elementor-widget-image\" data-id=\"3580027\" data-element_type=\"widget\" data-widget_type=\"image.default\">\n\t\t\t\t<div class=\"elementor-widget-container\">\n\t\t\t\t\t\t\t\t\t\t<figure class=\"wp-caption\">\n\t\t\t\t\t\t\t\t\t\t\t<a href=\"https:\/\/www.nature.com\/articles\/srep21930\">\n\t\t\t\t\t\t\t<img decoding=\"async\" width=\"640\" height=\"404\" src=\"http:\/\/reco-andes.com\/wp-content\/uploads\/2026\/01\/imagen_2026-01-09_083442953.png\" class=\"attachment-large size-large wp-image-1422\" alt=\"\" srcset=\"http:\/\/reco-andes.com\/wp-content\/uploads\/2026\/01\/imagen_2026-01-09_083442953.png 940w, http:\/\/reco-andes.com\/wp-content\/uploads\/2026\/01\/imagen_2026-01-09_083442953-300x190.png 300w, http:\/\/reco-andes.com\/wp-content\/uploads\/2026\/01\/imagen_2026-01-09_083442953-768x485.png 768w\" sizes=\"(max-width: 640px) 100vw, 640px\" \/>\t\t\t\t\t\t\t\t<\/a>\n\t\t\t\t\t\t\t\t\t\t\t<figcaption class=\"widget-image-caption wp-caption-text\"> Figura 2. \u00c1rboles de los bosques montanos del noroccidente de Pichincha, Ecuador.<\/figcaption>\n\t\t\t\t\t\t\t\t\t\t<\/figure>\n\t\t\t\t\t\t\t<\/div>\n\t\t\t\t<\/div>\n\t\t\t\t\t<\/div>\n\t\t\t\t<\/div>\n\t\t<div class=\"elementor-element elementor-element-2e5b471 e-flex e-con-boxed e-con e-parent\" data-id=\"2e5b471\" data-element_type=\"container\">\n\t\t\t\t\t<div class=\"e-con-inner\">\n\t\t\t\t<div class=\"elementor-element elementor-element-8fd5682 elementor-widget elementor-widget-text-editor\" data-id=\"8fd5682\" data-element_type=\"widget\" data-widget_type=\"text-editor.default\">\n\t\t\t\t<div class=\"elementor-widget-container\">\n\t\t\t\t\t\t\t<p><span style=\"font-weight: 400;\">La capacidad de infiltraci\u00f3n est\u00e1 influenciada por la cobertura arb\u00f3rea y \u00e1rea basal (R\u00edos et al., 2008). Sin embargo, se debe considerar una cubierta arb\u00f3rea baja a intermedia, cada \u00e1rbol joven puede mejorar propiedades hidr\u00e1ulicas del suelo hasta 25 m, es decir, que \u201clas ganancias hidrol\u00f3gicas pueden ser proporcionalmente mayores que las p\u00e9rdidas debido al aumento de la transpiraci\u00f3n y la interceptaci\u00f3n\u201d (Ellison et al., 2017). Por lo tanto, hay mayor infiltraci\u00f3n en el bosque.\u00a0<\/span><\/p><p><span style=\"font-weight: 400;\">En resumen, los bosques aportan varios beneficios, pero hay que destacar su valor en la recarga de agua subterr\u00e1nea. Las precipitaciones actualmente tienen mayor intensidad es por esta raz\u00f3n que necesitamos de un ecosistema que ayude aumentar la capacidad de infiltraci\u00f3n en el suelo. Por lo tanto, la recarga de agua subterr\u00e1nea contribuye a los acu\u00edferos, una fuente de reserva de agua para el futuro.<\/span><\/p>\t\t\t\t\t\t<\/div>\n\t\t\t\t<\/div>\n\t\t\t\t\t<\/div>\n\t\t\t\t<\/div>\n\t\t<div class=\"elementor-element elementor-element-fe4660b e-flex e-con-boxed e-con e-parent\" data-id=\"fe4660b\" data-element_type=\"container\">\n\t\t\t\t\t<div class=\"e-con-inner\">\n\t\t\t\t<div class=\"elementor-element elementor-element-f1d5030 elementor-widget elementor-widget-heading\" data-id=\"f1d5030\" data-element_type=\"widget\" data-widget_type=\"heading.default\">\n\t\t\t\t<div class=\"elementor-widget-container\">\n\t\t\t<h3 class=\"elementor-heading-title elementor-size-default\">Referencias<\/h3>\t\t<\/div>\n\t\t\t\t<\/div>\n\t\t\t\t\t<\/div>\n\t\t\t\t<\/div>\n\t\t<div class=\"elementor-element elementor-element-41197a9 e-flex e-con-boxed e-con e-parent\" data-id=\"41197a9\" data-element_type=\"container\">\n\t\t\t\t\t<div class=\"e-con-inner\">\n\t\t\t\t<div class=\"elementor-element elementor-element-495a99f elementor-widget elementor-widget-text-editor\" data-id=\"495a99f\" data-element_type=\"widget\" data-widget_type=\"text-editor.default\">\n\t\t\t\t<div class=\"elementor-widget-container\">\n\t\t\t\t\t\t\t<p><span style=\"font-weight: 400;\">Blanco, J. A. (2017). Bosques, suelo y agua: explorando sus interacciones.\u00a0<\/span><i><span style=\"font-weight: 400;\">Ecosistemas<\/span><\/i><span style=\"font-weight: 400;\">,\u00a0<\/span><i><span style=\"font-weight: 400;\">26<\/span><\/i><span style=\"font-weight: 400;\">(2), 1-9.<\/span><\/p><p><span style=\"font-weight: 400;\">Ellison, D., Morris, C. E., Locatelli, B., Sheil, D., Cohen, J., Murdiyarso, D., &#8230; &amp; Sullivan, C. A. (2017). Trees, forests and water: Cool insights for a hot world. Global environmental change, 43, 51-61.<\/span><\/p><p><span style=\"font-weight: 400;\">Fischer, E., Knutti, R. Anthropogenic contribution to global occurrence\u00a0of heavy-precipitation and\u00a0high-temperature extremes.\u00a0<\/span><i><span style=\"font-weight: 400;\">Nature Clim Change<\/span><\/i><span style=\"font-weight: 400;\">\u00a0<\/span><b>5<\/b><span style=\"font-weight: 400;\">, 560\u2013564 (2015). <\/span><a href=\"https:\/\/doi.org\/10.1038\/nclimate2617\"><span style=\"font-weight: 400;\">https:\/\/doi.org\/10.1038\/nclimate2617<\/span><\/a><\/p><p><span style=\"font-weight: 400;\">Ilstedt, U., Bargu\u00e9s Tobella, A., Bazi\u00e9, H. R., Bayala, J., Verbeeten, E., Nyberg, G., &#8230; &amp; Malmer, A. (2016). Intermediate tree cover can maximize groundwater recharge in the seasonally dry tropics. Scientific reports, 6(1), 21930.<\/span><\/p><p><span style=\"font-weight: 400;\">Pinto, E., P\u00e9rez, \u00c1. J., Ulloa, C. U., &amp; Cuesta, F. (2018). \u00c1rboles representativos de los bosques montanos del noroccidente de Pichincha, Ecuador. Consorcio para el Desarrollo Sostenible de la Ecorregi\u00f3n Andina&#8211;CONDESAN.<\/span><\/p><p><span style=\"font-weight: 400;\">R\u00edos, N., C\u00e1rdenas, A. Y., Andrade, H., Ibrahim, M., Jim\u00e9nez, F., Sancho, F., &#8230; &amp; Woo, A. (2007). Escorrent\u00eda superficial e infiltraci\u00f3n en sistemas ganaderos convencionales y silvopastoriles en el tr\u00f3pico subh\u00famedo de Nicaragua y Costa Rica. Agroforester\u00eda en las Am\u00e9ricas, 45, 66-71.<\/span><\/p><p><span style=\"font-weight: 400;\">Zapata-Sierra, A., &amp; Manzano-Agugliaro, F. (2008). Influencia de seis especies arb\u00f3reas en la infiltraci\u00f3n de agua en el suelo.\u00a0<\/span><i><span style=\"font-weight: 400;\">Agrociencia<\/span><\/i><span style=\"font-weight: 400;\">,\u00a0<\/span><i><span style=\"font-weight: 400;\">42<\/span><\/i><span style=\"font-weight: 400;\">(7), 835-845.<\/span><\/p>\t\t\t\t\t\t<\/div>\n\t\t\t\t<\/div>\n\t\t\t\t\t<\/div>\n\t\t\t\t<\/div>\n\t\t<div class=\"elementor-element elementor-element-081559a e-flex e-con-boxed e-con e-parent\" data-id=\"081559a\" data-element_type=\"container\">\n\t\t\t\t\t<div class=\"e-con-inner\">\n\t\t\t\t\t<\/div>\n\t\t\t\t<\/div>\n\t\t\t\t<\/div>\n\t\t","protected":false},"excerpt":{"rendered":"<p>F\u00e1tima Proa\u00f1o nos cuenta sobre la funci\u00f3n de los bosques para la recarga de agua subterr\u00e1nea.<\/p>\n","protected":false},"author":1,"featured_media":0,"parent":33,"menu_order":0,"comment_status":"closed","ping_status":"closed","template":"","meta":{"footnotes":""},"_links":{"self":[{"href":"http:\/\/reco-andes.com\/index.php\/wp-json\/wp\/v2\/pages\/1426"}],"collection":[{"href":"http:\/\/reco-andes.com\/index.php\/wp-json\/wp\/v2\/pages"}],"about":[{"href":"http:\/\/reco-andes.com\/index.php\/wp-json\/wp\/v2\/types\/page"}],"author":[{"embeddable":true,"href":"http:\/\/reco-andes.com\/index.php\/wp-json\/wp\/v2\/users\/1"}],"replies":[{"embeddable":true,"href":"http:\/\/reco-andes.com\/index.php\/wp-json\/wp\/v2\/comments?post=1426"}],"version-history":[{"count":24,"href":"http:\/\/reco-andes.com\/index.php\/wp-json\/wp\/v2\/pages\/1426\/revisions"}],"predecessor-version":[{"id":1483,"href":"http:\/\/reco-andes.com\/index.php\/wp-json\/wp\/v2\/pages\/1426\/revisions\/1483"}],"up":[{"embeddable":true,"href":"http:\/\/reco-andes.com\/index.php\/wp-json\/wp\/v2\/pages\/33"}],"wp:attachment":[{"href":"http:\/\/reco-andes.com\/index.php\/wp-json\/wp\/v2\/media?parent=1426"}],"curies":[{"name":"wp","href":"https:\/\/api.w.org\/{rel}","templated":true}]}}