{"id":126,"date":"2024-05-04T03:00:56","date_gmt":"2024-05-04T01:00:56","guid":{"rendered":"http:\/\/reco-andes.com\/?page_id=126"},"modified":"2026-02-12T04:28:55","modified_gmt":"2026-02-12T10:28:55","slug":"eventos","status":"publish","type":"page","link":"http:\/\/reco-andes.com\/index.php\/noticias-y-eventos\/eventos\/","title":{"rendered":"EVENTOS"},"content":{"rendered":"\t\t<div data-elementor-type=\"wp-page\" data-elementor-id=\"126\" class=\"elementor elementor-126\">\n\t\t\t\t<div class=\"elementor-element elementor-element-0ec1f5a e-flex e-con-boxed e-con e-parent\" data-id=\"0ec1f5a\" data-element_type=\"container\">\n\t\t\t\t\t<div class=\"e-con-inner\">\n\t\t\t\t<div class=\"elementor-element elementor-element-6f7639e elementor-widget elementor-widget-heading\" data-id=\"6f7639e\" data-element_type=\"widget\" data-widget_type=\"heading.default\">\n\t\t\t\t<div class=\"elementor-widget-container\">\n\t\t\t<style>\/*! elementor - v3.21.0 - 25-04-2024 *\/\n.elementor-heading-title{padding:0;margin:0;line-height:1}.elementor-widget-heading .elementor-heading-title[class*=elementor-size-]>a{color:inherit;font-size:inherit;line-height:inherit}.elementor-widget-heading .elementor-heading-title.elementor-size-small{font-size:15px}.elementor-widget-heading .elementor-heading-title.elementor-size-medium{font-size:19px}.elementor-widget-heading .elementor-heading-title.elementor-size-large{font-size:29px}.elementor-widget-heading .elementor-heading-title.elementor-size-xl{font-size:39px}.elementor-widget-heading .elementor-heading-title.elementor-size-xxl{font-size:59px}<\/style><h1 class=\"elementor-heading-title elementor-size-default\">Observatorio de Restauraci\u00f3n Marzo 2026<\/h1>\t\t<\/div>\n\t\t\t\t<\/div>\n\t\t\t\t\t<\/div>\n\t\t\t\t<\/div>\n\t\t<div class=\"elementor-element elementor-element-646cf8b e-flex e-con-boxed e-con e-parent\" data-id=\"646cf8b\" data-element_type=\"container\">\n\t\t\t\t\t<div class=\"e-con-inner\">\n\t\t<div class=\"elementor-element elementor-element-a178d32 e-con-full e-flex e-con e-child\" data-id=\"a178d32\" data-element_type=\"container\">\n\t\t\t\t<div class=\"elementor-element elementor-element-32651de elementor-widget elementor-widget-image\" data-id=\"32651de\" data-element_type=\"widget\" data-widget_type=\"image.default\">\n\t\t\t\t<div class=\"elementor-widget-container\">\n\t\t\t<style>\/*! elementor - v3.21.0 - 25-04-2024 *\/\n.elementor-widget-image{text-align:center}.elementor-widget-image a{display:inline-block}.elementor-widget-image a img[src$=\".svg\"]{width:48px}.elementor-widget-image img{vertical-align:middle;display:inline-block}<\/style>\t\t\t\t\t\t\t\t\t\t<img decoding=\"async\" src=\"http:\/\/reco-andes.com\/wp-content\/uploads\/2025\/03\/A.-ACUMINATA-inflrescencias-y-hojas-copia-1.jpeg\" title=\"A. ACUMINATA inflrescencias y hojas copia (1)\" alt=\"A. ACUMINATA inflrescencias y hojas copia (1)\" loading=\"lazy\" \/>\t\t\t\t\t\t\t\t\t\t\t\t\t<\/div>\n\t\t\t\t<\/div>\n\t\t\t\t<\/div>\n\t\t<div class=\"elementor-element elementor-element-54f6ab8 e-con-full e-flex e-con e-child\" data-id=\"54f6ab8\" data-element_type=\"container\">\n\t\t<div class=\"elementor-element elementor-element-f1cf672 e-flex e-con-boxed e-con e-child\" data-id=\"f1cf672\" data-element_type=\"container\">\n\t\t\t\t\t<div class=\"e-con-inner\">\n\t\t\t\t<div class=\"elementor-element elementor-element-827abc4 elementor-widget elementor-widget-text-editor\" data-id=\"827abc4\" data-element_type=\"widget\" data-widget_type=\"text-editor.default\">\n\t\t\t\t<div class=\"elementor-widget-container\">\n\t\t\t<style>\/*! elementor - v3.21.0 - 25-04-2024 *\/\n.elementor-widget-text-editor.elementor-drop-cap-view-stacked .elementor-drop-cap{background-color:#69727d;color:#fff}.elementor-widget-text-editor.elementor-drop-cap-view-framed .elementor-drop-cap{color:#69727d;border:3px solid;background-color:transparent}.elementor-widget-text-editor:not(.elementor-drop-cap-view-default) .elementor-drop-cap{margin-top:8px}.elementor-widget-text-editor:not(.elementor-drop-cap-view-default) .elementor-drop-cap-letter{width:1em;height:1em}.elementor-widget-text-editor .elementor-drop-cap{float:left;text-align:center;line-height:1;font-size:50px}.elementor-widget-text-editor .elementor-drop-cap-letter{display:inline-block}<\/style>\t\t\t\t<p>Evento organizado para vincular academia, sociedad civil y policimakers en Ecuador.<\/p>\t\t\t\t\t\t<\/div>\n\t\t\t\t<\/div>\n\t\t\t\t\t<\/div>\n\t\t\t\t<\/div>\n\t\t\t\t<div class=\"elementor-element elementor-element-9e6a53d elementor-button-info elementor-align-center elementor-widget elementor-widget-button\" data-id=\"9e6a53d\" data-element_type=\"widget\" data-widget_type=\"button.default\">\n\t\t\t\t<div class=\"elementor-widget-container\">\n\t\t\t\t\t<div class=\"elementor-button-wrapper\">\n\t\t\t<a class=\"elementor-button elementor-button-link elementor-size-sm\" href=\"http:\/\/reco-andes.com\/index.php\/cursos-2024\/\">\n\t\t\t\t\t\t<span class=\"elementor-button-content-wrapper\">\n\t\t\t\t\t\t\t\t\t<span class=\"elementor-button-text\">PRONTO REPORTE<\/span>\n\t\t\t\t\t<\/span>\n\t\t\t\t\t<\/a>\n\t\t<\/div>\n\t\t\t\t<\/div>\n\t\t\t\t<\/div>\n\t\t\t\t<\/div>\n\t\t\t\t\t<\/div>\n\t\t\t\t<\/div>\n\t\t<div class=\"elementor-element elementor-element-29cfe62 e-flex e-con-boxed e-con e-parent\" data-id=\"29cfe62\" data-element_type=\"container\">\n\t\t\t\t\t<div class=\"e-con-inner\">\n\t\t\t\t<div class=\"elementor-element elementor-element-e8c4866 elementor-widget elementor-widget-heading\" data-id=\"e8c4866\" data-element_type=\"widget\" data-widget_type=\"heading.default\">\n\t\t\t\t<div class=\"elementor-widget-container\">\n\t\t\t<h1 class=\"elementor-heading-title elementor-size-default\">Curso de Modelamiento Septiembre 2025<\/h1>\t\t<\/div>\n\t\t\t\t<\/div>\n\t\t\t\t\t<\/div>\n\t\t\t\t<\/div>\n\t\t<div class=\"elementor-element elementor-element-e070f22 e-flex e-con-boxed e-con e-parent\" data-id=\"e070f22\" data-element_type=\"container\">\n\t\t\t\t\t<div class=\"e-con-inner\">\n\t\t<div class=\"elementor-element elementor-element-4704084 e-con-full e-flex e-con e-child\" data-id=\"4704084\" data-element_type=\"container\">\n\t\t\t\t<div class=\"elementor-element elementor-element-4f80c15 elementor-widget elementor-widget-image\" data-id=\"4f80c15\" data-element_type=\"widget\" data-widget_type=\"image.default\">\n\t\t\t\t<div class=\"elementor-widget-container\">\n\t\t\t\t\t\t\t\t\t\t\t\t\t<img decoding=\"async\" src=\"http:\/\/reco-andes.com\/wp-content\/uploads\/2026\/02\/Sin-titulo.png\" title=\"Sin t\u00edtulo\" alt=\"Sin t\u00edtulo\" loading=\"lazy\" \/>\t\t\t\t\t\t\t\t\t\t\t\t\t<\/div>\n\t\t\t\t<\/div>\n\t\t\t\t<\/div>\n\t\t<div class=\"elementor-element elementor-element-583616a e-con-full e-flex e-con e-child\" data-id=\"583616a\" data-element_type=\"container\">\n\t\t<div class=\"elementor-element elementor-element-bfe02f6 e-flex e-con-boxed e-con e-child\" data-id=\"bfe02f6\" data-element_type=\"container\">\n\t\t\t\t\t<div class=\"e-con-inner\">\n\t\t\t\t<div class=\"elementor-element elementor-element-d836b61 elementor-widget elementor-widget-text-editor\" data-id=\"d836b61\" data-element_type=\"widget\" data-widget_type=\"text-editor.default\">\n\t\t\t\t<div class=\"elementor-widget-container\">\n\t\t\t\t\t\t\t<p>Prof. Dr. Niklaus Zimmerman dicta un curso en Septiembre 2025 sobre modelamiento de distribuci\u00f3n de especies.\u00a0<\/p>\t\t\t\t\t\t<\/div>\n\t\t\t\t<\/div>\n\t\t\t\t\t<\/div>\n\t\t\t\t<\/div>\n\t\t\t\t<div class=\"elementor-element elementor-element-9d3e751 elementor-button-info elementor-align-center elementor-widget elementor-widget-button\" data-id=\"9d3e751\" data-element_type=\"widget\" data-widget_type=\"button.default\">\n\t\t\t\t<div class=\"elementor-widget-container\">\n\t\t\t\t\t<div class=\"elementor-button-wrapper\">\n\t\t\t<a class=\"elementor-button elementor-button-link elementor-size-sm\" href=\"http:\/\/reco-andes.com\/index.php\/cursos-2024\/\">\n\t\t\t\t\t\t<span class=\"elementor-button-content-wrapper\">\n\t\t\t\t\t\t\t\t\t<span class=\"elementor-button-text\">PRONTO REPORTE<\/span>\n\t\t\t\t\t<\/span>\n\t\t\t\t\t<\/a>\n\t\t<\/div>\n\t\t\t\t<\/div>\n\t\t\t\t<\/div>\n\t\t\t\t<\/div>\n\t\t\t\t\t<\/div>\n\t\t\t\t<\/div>\n\t\t<div class=\"elementor-element elementor-element-72100d3 e-flex e-con-boxed e-con e-parent\" data-id=\"72100d3\" data-element_type=\"container\">\n\t\t\t\t\t<div class=\"e-con-inner\">\n\t\t\t\t<div class=\"elementor-element elementor-element-210bda0 elementor-widget elementor-widget-heading\" data-id=\"210bda0\" data-element_type=\"widget\" data-widget_type=\"heading.default\">\n\t\t\t\t<div class=\"elementor-widget-container\">\n\t\t\t<h1 class=\"elementor-heading-title elementor-size-default\">Curso H\u00edbrido Ecuador Agosto 2024<\/h1>\t\t<\/div>\n\t\t\t\t<\/div>\n\t\t\t\t\t<\/div>\n\t\t\t\t<\/div>\n\t\t<div class=\"elementor-element elementor-element-763c537 e-flex e-con-boxed e-con e-parent\" data-id=\"763c537\" data-element_type=\"container\">\n\t\t\t\t\t<div class=\"e-con-inner\">\n\t\t<div class=\"elementor-element elementor-element-a79d41e e-con-full e-flex e-con e-child\" data-id=\"a79d41e\" data-element_type=\"container\">\n\t\t\t\t<div class=\"elementor-element elementor-element-25992b9 elementor-widget elementor-widget-image\" data-id=\"25992b9\" data-element_type=\"widget\" data-widget_type=\"image.default\">\n\t\t\t\t<div class=\"elementor-widget-container\">\n\t\t\t\t\t\t\t\t\t\t\t\t\t<img fetchpriority=\"high\" decoding=\"async\" width=\"640\" height=\"320\" src=\"http:\/\/reco-andes.com\/wp-content\/uploads\/2024\/06\/3-1024x512.jpg\" class=\"attachment-large size-large wp-image-733\" alt=\"\" srcset=\"http:\/\/reco-andes.com\/wp-content\/uploads\/2024\/06\/3-1024x512.jpg 1024w, http:\/\/reco-andes.com\/wp-content\/uploads\/2024\/06\/3-300x150.jpg 300w, http:\/\/reco-andes.com\/wp-content\/uploads\/2024\/06\/3-768x384.jpg 768w, http:\/\/reco-andes.com\/wp-content\/uploads\/2024\/06\/3.jpg 1200w\" sizes=\"(max-width: 640px) 100vw, 640px\" \/>\t\t\t\t\t\t\t\t\t\t\t\t\t<\/div>\n\t\t\t\t<\/div>\n\t\t\t\t<\/div>\n\t\t<div class=\"elementor-element elementor-element-ce4d165 e-con-full e-flex e-con e-child\" data-id=\"ce4d165\" data-element_type=\"container\">\n\t\t<div class=\"elementor-element elementor-element-44806dc e-flex e-con-boxed e-con e-child\" data-id=\"44806dc\" data-element_type=\"container\">\n\t\t\t\t\t<div class=\"e-con-inner\">\n\t\t\t\t<div class=\"elementor-element elementor-element-f05a697 elementor-widget elementor-widget-text-editor\" data-id=\"f05a697\" data-element_type=\"widget\" data-widget_type=\"text-editor.default\">\n\t\t\t\t<div class=\"elementor-widget-container\">\n\t\t\t\t\t\t\t<p>El curso ser\u00e1 una introducci\u00f3n a la fascinante biodiversidad de plantas de los bosques montanos tropicales, altamente amenazados. Diferentes instructores invitados que trabajan en estos ecosistemas compartir\u00e1n sus conocimientos sobre los patrones y procesos que generan y mantienen la diversidad vegetal. El curso estar\u00e1 dirigido principalmente a estudiantes de grado y postgrado.<\/p>\t\t\t\t\t\t<\/div>\n\t\t\t\t<\/div>\n\t\t\t\t\t<\/div>\n\t\t\t\t<\/div>\n\t\t\t\t<div class=\"elementor-element elementor-element-9047ccf elementor-button-info elementor-align-center elementor-widget elementor-widget-button\" data-id=\"9047ccf\" data-element_type=\"widget\" data-widget_type=\"button.default\">\n\t\t\t\t<div class=\"elementor-widget-container\">\n\t\t\t\t\t<div class=\"elementor-button-wrapper\">\n\t\t\t<a class=\"elementor-button elementor-button-link elementor-size-sm\" href=\"http:\/\/reco-andes.com\/index.php\/cursos-2024\/\">\n\t\t\t\t\t\t<span class=\"elementor-button-content-wrapper\">\n\t\t\t\t\t\t\t\t\t<span class=\"elementor-button-text\">M\u00e1s informaci\u00f3n<\/span>\n\t\t\t\t\t<\/span>\n\t\t\t\t\t<\/a>\n\t\t<\/div>\n\t\t\t\t<\/div>\n\t\t\t\t<\/div>\n\t\t\t\t<\/div>\n\t\t\t\t\t<\/div>\n\t\t\t\t<\/div>\n\t\t<div class=\"elementor-element elementor-element-6838ff0 e-flex e-con-boxed e-con e-parent\" data-id=\"6838ff0\" data-element_type=\"container\">\n\t\t\t\t\t<div class=\"e-con-inner\">\n\t\t\t\t<div class=\"elementor-element elementor-element-5ca0bca elementor-widget-tablet__width-initial elementor-widget elementor-widget-heading\" data-id=\"5ca0bca\" data-element_type=\"widget\" data-widget_type=\"heading.default\">\n\t\t\t\t<div class=\"elementor-widget-container\">\n\t\t\t<h1 class=\"elementor-heading-title elementor-size-default\">Curso de Capacitaci\u00f3n Ecuador Septiembre 2023<\/h1>\t\t<\/div>\n\t\t\t\t<\/div>\n\t\t\t\t\t<\/div>\n\t\t\t\t<\/div>\n\t\t<div class=\"elementor-element elementor-element-d2e636e e-flex e-con-boxed e-con e-parent\" data-id=\"d2e636e\" data-element_type=\"container\">\n\t\t\t\t\t<div class=\"e-con-inner\">\n\t\t<div class=\"elementor-element elementor-element-69d16a9 e-con-full e-flex e-con e-child\" data-id=\"69d16a9\" data-element_type=\"container\">\n\t\t\t\t<div class=\"elementor-element elementor-element-0dd16c1 elementor-widget elementor-widget-image\" data-id=\"0dd16c1\" data-element_type=\"widget\" data-widget_type=\"image.default\">\n\t\t\t\t<div class=\"elementor-widget-container\">\n\t\t\t\t\t\t\t\t\t\t\t\t\t<img decoding=\"async\" width=\"640\" height=\"480\" src=\"http:\/\/reco-andes.com\/wp-content\/uploads\/2024\/05\/eventos.webp\" class=\"attachment-large size-large wp-image-286\" alt=\"\" \/>\t\t\t\t\t\t\t\t\t\t\t\t\t<\/div>\n\t\t\t\t<\/div>\n\t\t\t\t<\/div>\n\t\t<div class=\"elementor-element elementor-element-54792bd e-con-full e-flex e-con e-child\" data-id=\"54792bd\" data-element_type=\"container\">\n\t\t<div class=\"elementor-element elementor-element-b67c137 e-flex e-con-boxed e-con e-child\" data-id=\"b67c137\" data-element_type=\"container\">\n\t\t\t\t\t<div class=\"e-con-inner\">\n\t\t\t\t<div class=\"elementor-element elementor-element-24dd0aa elementor-widget elementor-widget-text-editor\" data-id=\"24dd0aa\" data-element_type=\"widget\" data-widget_type=\"text-editor.default\">\n\t\t\t\t<div class=\"elementor-widget-container\">\n\t\t\t\t\t\t\t<p>(06-01-2023)<br \/>En el marco de nuestro proyecto VLIR TEAM, estamos organizando una capacitaci\u00f3n sobre &#8216;Vinculaci\u00f3n de rasgos funcionales de plantas y funci\u00f3n de ecosistemas en bosques montanos tropicales&#8217;. El curso se llevar\u00e1 a cabo en Ecuador del 8 al 14 de septiembre de 2023.<\/p><p>La fecha l\u00edmite para presentar la solicitud es el 16 de julio de 2023.<\/p>\t\t\t\t\t\t<\/div>\n\t\t\t\t<\/div>\n\t\t\t\t\t<\/div>\n\t\t\t\t<\/div>\n\t\t\t\t<div class=\"elementor-element elementor-element-fb067d3 elementor-button-info elementor-align-center elementor-widget elementor-widget-button\" data-id=\"fb067d3\" data-element_type=\"widget\" data-widget_type=\"button.default\">\n\t\t\t\t<div class=\"elementor-widget-container\">\n\t\t\t\t\t<div class=\"elementor-button-wrapper\">\n\t\t\t<a class=\"elementor-button elementor-button-link elementor-size-sm\" href=\"https:\/\/ecosystemfunctiont.wixsite.com\/my-site\">\n\t\t\t\t\t\t<span class=\"elementor-button-content-wrapper\">\n\t\t\t\t\t\t\t\t\t<span class=\"elementor-button-text\">M\u00e1s informaci\u00f3n<\/span>\n\t\t\t\t\t<\/span>\n\t\t\t\t\t<\/a>\n\t\t<\/div>\n\t\t\t\t<\/div>\n\t\t\t\t<\/div>\n\t\t\t\t<\/div>\n\t\t\t\t\t<\/div>\n\t\t\t\t<\/div>\n\t\t<div class=\"elementor-element elementor-element-8f18a76 e-flex e-con-boxed e-con e-parent\" data-id=\"8f18a76\" data-element_type=\"container\">\n\t\t\t\t\t<div class=\"e-con-inner\">\n\t\t\t\t<div class=\"elementor-element elementor-element-8f22778 elementor-widget elementor-widget-heading\" data-id=\"8f22778\" data-element_type=\"widget\" data-widget_type=\"heading.default\">\n\t\t\t\t<div class=\"elementor-widget-container\">\n\t\t\t<h1 class=\"elementor-heading-title elementor-size-default\">Visita a la granja experimental \"IRQUIS\"<\/h1>\t\t<\/div>\n\t\t\t\t<\/div>\n\t\t\t\t\t<\/div>\n\t\t\t\t<\/div>\n\t\t<div class=\"elementor-element elementor-element-4b6622b e-flex e-con-boxed e-con e-parent\" data-id=\"4b6622b\" data-element_type=\"container\">\n\t\t\t\t\t<div class=\"e-con-inner\">\n\t\t<div class=\"elementor-element elementor-element-3fc5e5d e-con-full e-flex e-con e-child\" data-id=\"3fc5e5d\" data-element_type=\"container\">\n\t\t\t\t<div class=\"elementor-element elementor-element-42f34a1 elementor-widget elementor-widget-video\" data-id=\"42f34a1\" data-element_type=\"widget\" data-settings=\"{&quot;video_type&quot;:&quot;hosted&quot;,&quot;autoplay&quot;:&quot;yes&quot;,&quot;play_on_mobile&quot;:&quot;yes&quot;,&quot;mute&quot;:&quot;yes&quot;,&quot;controls&quot;:&quot;yes&quot;}\" data-widget_type=\"video.default\">\n\t\t\t\t<div class=\"elementor-widget-container\">\n\t\t\t<style>\/*! elementor - v3.21.0 - 25-04-2024 *\/\n.elementor-widget-video .elementor-widget-container{overflow:hidden;transform:translateZ(0)}.elementor-widget-video .elementor-wrapper{aspect-ratio:var(--video-aspect-ratio)}.elementor-widget-video .elementor-wrapper iframe,.elementor-widget-video .elementor-wrapper video{height:100%;width:100%;display:flex;border:none;background-color:#000}@supports not (aspect-ratio:1\/1){.elementor-widget-video .elementor-wrapper{position:relative;overflow:hidden;height:0;padding-bottom:calc(100% \/ var(--video-aspect-ratio))}.elementor-widget-video .elementor-wrapper iframe,.elementor-widget-video .elementor-wrapper video{position:absolute;top:0;right:0;bottom:0;left:0}}.elementor-widget-video .elementor-open-inline .elementor-custom-embed-image-overlay{position:absolute;top:0;right:0;bottom:0;left:0;background-size:cover;background-position:50%}.elementor-widget-video .elementor-custom-embed-image-overlay{cursor:pointer;text-align:center}.elementor-widget-video .elementor-custom-embed-image-overlay:hover .elementor-custom-embed-play i{opacity:1}.elementor-widget-video .elementor-custom-embed-image-overlay img{display:block;width:100%;aspect-ratio:var(--video-aspect-ratio);-o-object-fit:cover;object-fit:cover;-o-object-position:center center;object-position:center center}@supports not (aspect-ratio:1\/1){.elementor-widget-video .elementor-custom-embed-image-overlay{position:relative;overflow:hidden;height:0;padding-bottom:calc(100% \/ var(--video-aspect-ratio))}.elementor-widget-video .elementor-custom-embed-image-overlay img{position:absolute;top:0;right:0;bottom:0;left:0}}.elementor-widget-video .e-hosted-video .elementor-video{-o-object-fit:cover;object-fit:cover}.e-con-inner>.elementor-widget-video,.e-con>.elementor-widget-video{width:var(--container-widget-width);--flex-grow:var(--container-widget-flex-grow)}<\/style>\t\t<div class=\"e-hosted-video elementor-wrapper elementor-open-inline\">\n\t\t\t\t\t<video class=\"elementor-video\" src=\"http:\/\/reco-andes.com\/wp-content\/uploads\/2024\/06\/1718874973-facebook.mp4\" autoplay=\"\" controls=\"\" muted=\"muted\" playsinline=\"\" controlsList=\"nodownload\"><\/video>\n\t\t\t\t<\/div>\n\t\t\t\t<\/div>\n\t\t\t\t<\/div>\n\t\t\t\t<\/div>\n\t\t<div class=\"elementor-element elementor-element-c8cd2d3 e-con-full e-flex e-con e-child\" data-id=\"c8cd2d3\" data-element_type=\"container\">\n\t\t<div class=\"elementor-element elementor-element-a1cfae0 e-flex e-con-boxed e-con e-child\" data-id=\"a1cfae0\" data-element_type=\"container\">\n\t\t\t\t\t<div class=\"e-con-inner\">\n\t\t\t\t<div class=\"elementor-element elementor-element-d81c176 elementor-widget-tablet__width-initial elementor-widget elementor-widget-text-editor\" data-id=\"d81c176\" data-element_type=\"widget\" data-widget_type=\"text-editor.default\">\n\t\t\t\t<div class=\"elementor-widget-container\">\n\t\t\t\t\t\t\t<p>Con el fin de observar y aprender de nuestro experimento de reforestaci\u00f3n en pastos; profesores, estudiantes e investigadores de Universidad de Gante (B\u00e9lgica), Centro de Ecolog\u00eda e Hidrolog\u00eda (Reino Unido), y las universidades locales :Universidad de Cuenca y Escuela Polit\u00e9cnica Nacional visitaron nuestra granja experimental Irquis.<\/p>\t\t\t\t\t\t<\/div>\n\t\t\t\t<\/div>\n\t\t\t\t\t<\/div>\n\t\t\t\t<\/div>\n\t\t\t\t<div class=\"elementor-element elementor-element-a626981 elementor-button-info elementor-align-center elementor-widget elementor-widget-button\" data-id=\"a626981\" data-element_type=\"widget\" data-widget_type=\"button.default\">\n\t\t\t\t<div class=\"elementor-widget-container\">\n\t\t\t\t\t<div class=\"elementor-button-wrapper\">\n\t\t\t<a class=\"elementor-button elementor-button-link elementor-size-sm\" href=\"https:\/\/www.facebook.com\/idrhica\/videos\/visita-a-la-granja-experimental-irquis\/3725744281085816\/?mibextid=zkHLXF&#038;rdid=OEuw9fiFexZOxJIW\">\n\t\t\t\t\t\t<span class=\"elementor-button-content-wrapper\">\n\t\t\t\t\t\t\t\t\t<span class=\"elementor-button-text\">M\u00e1s informaci\u00f3n<\/span>\n\t\t\t\t\t<\/span>\n\t\t\t\t\t<\/a>\n\t\t<\/div>\n\t\t\t\t<\/div>\n\t\t\t\t<\/div>\n\t\t\t\t<\/div>\n\t\t\t\t\t<\/div>\n\t\t\t\t<\/div>\n\t\t<div class=\"elementor-element elementor-element-641ef3f e-flex e-con-boxed e-con e-parent\" data-id=\"641ef3f\" data-element_type=\"container\">\n\t\t\t\t\t<div class=\"e-con-inner\">\n\t\t\t\t<div class=\"elementor-element elementor-element-bbc9080 elementor-widget elementor-widget-heading\" data-id=\"bbc9080\" data-element_type=\"widget\" data-widget_type=\"heading.default\">\n\t\t\t\t<div class=\"elementor-widget-container\">\n\t\t\t<h1 class=\"elementor-heading-title elementor-size-default\">Simposio Ecology and Restoration of Andean Forest<\/h1>\t\t<\/div>\n\t\t\t\t<\/div>\n\t\t\t\t\t<\/div>\n\t\t\t\t<\/div>\n\t\t<div class=\"elementor-element elementor-element-9e599aa e-flex e-con-boxed e-con e-parent\" data-id=\"9e599aa\" data-element_type=\"container\">\n\t\t\t\t\t<div class=\"e-con-inner\">\n\t\t<div class=\"elementor-element elementor-element-42f6da6 e-con-full e-flex e-con e-child\" data-id=\"42f6da6\" data-element_type=\"container\">\n\t\t\t\t<div class=\"elementor-element elementor-element-e2235a7 elementor-widget elementor-widget-image\" data-id=\"e2235a7\" data-element_type=\"widget\" data-widget_type=\"image.default\">\n\t\t\t\t<div class=\"elementor-widget-container\">\n\t\t\t\t\t\t\t\t\t\t\t\t\t<img decoding=\"async\" width=\"304\" height=\"464\" src=\"http:\/\/reco-andes.com\/wp-content\/uploads\/2024\/05\/eventos2.pmg_.png\" class=\"attachment-large size-large wp-image-288\" alt=\"\" \/>\t\t\t\t\t\t\t\t\t\t\t\t\t<\/div>\n\t\t\t\t<\/div>\n\t\t\t\t<\/div>\n\t\t<div class=\"elementor-element elementor-element-50b00be e-con-full e-flex e-con e-child\" data-id=\"50b00be\" data-element_type=\"container\">\n\t\t<div class=\"elementor-element elementor-element-cd9516f e-flex e-con-boxed e-con e-child\" data-id=\"cd9516f\" data-element_type=\"container\">\n\t\t\t\t\t<div class=\"e-con-inner\">\n\t\t\t\t<div class=\"elementor-element elementor-element-020adb3 elementor-widget elementor-widget-text-editor\" data-id=\"020adb3\" data-element_type=\"widget\" data-widget_type=\"text-editor.default\">\n\t\t\t\t<div class=\"elementor-widget-container\">\n\t\t\t\t\t\t\t<p><strong>FECHA<\/strong><br \/>15.09.2023<\/p><p><strong>COSTO<\/strong><br \/>Gratuito<\/p><p><strong>LUGAR DE UBICACI\u00d3N<\/strong><br \/>Auditorio de la Facultad de Arquitectura (Campus Central)<\/p><p><strong>D\u00cdAS<\/strong><br \/>Viernes<\/p><p><strong>HORA<\/strong><br \/>08:30 \u2013 17:00<\/p>\t\t\t\t\t\t<\/div>\n\t\t\t\t<\/div>\n\t\t\t\t\t<\/div>\n\t\t\t\t<\/div>\n\t\t\t\t<div class=\"elementor-element elementor-element-c4fa241 elementor-button-info elementor-align-center elementor-widget elementor-widget-button\" data-id=\"c4fa241\" data-element_type=\"widget\" data-widget_type=\"button.default\">\n\t\t\t\t<div class=\"elementor-widget-container\">\n\t\t\t\t\t<div class=\"elementor-button-wrapper\">\n\t\t\t<a class=\"elementor-button elementor-button-link elementor-size-sm\" href=\"https:\/\/www.ucuenca.edu.ec\/eventos\/simposio-ecology-and-restoration-of-andean-forest\/\">\n\t\t\t\t\t\t<span class=\"elementor-button-content-wrapper\">\n\t\t\t\t\t\t\t\t\t<span class=\"elementor-button-text\">M\u00e1s informaci\u00f3n<\/span>\n\t\t\t\t\t<\/span>\n\t\t\t\t\t<\/a>\n\t\t<\/div>\n\t\t\t\t<\/div>\n\t\t\t\t<\/div>\n\t\t\t\t<\/div>\n\t\t\t\t\t<\/div>\n\t\t\t\t<\/div>\n\t\t\t\t<\/div>\n\t\t","protected":false},"excerpt":{"rendered":"<p>Observatorio de Restauraci\u00f3n Marzo 2026 Evento organizado para vincular academia, sociedad civil y policimakers en Ecuador. PRONTO REPORTE Curso de Modelamiento Septiembre 2025 Prof. Dr. Niklaus Zimmerman dicta un curso en Septiembre 2025 sobre modelamiento de distribuci\u00f3n de especies.\u00a0 PRONTO REPORTE Curso H\u00edbrido Ecuador Agosto 2024 El curso ser\u00e1 una introducci\u00f3n a la fascinante biodiversidad de plantas de los bosques [&hellip;]<\/p>\n","protected":false},"author":1,"featured_media":0,"parent":122,"menu_order":1,"comment_status":"closed","ping_status":"closed","template":"","meta":{"footnotes":""},"_links":{"self":[{"href":"http:\/\/reco-andes.com\/index.php\/wp-json\/wp\/v2\/pages\/126"}],"collection":[{"href":"http:\/\/reco-andes.com\/index.php\/wp-json\/wp\/v2\/pages"}],"about":[{"href":"http:\/\/reco-andes.com\/index.php\/wp-json\/wp\/v2\/types\/page"}],"author":[{"embeddable":true,"href":"http:\/\/reco-andes.com\/index.php\/wp-json\/wp\/v2\/users\/1"}],"replies":[{"embeddable":true,"href":"http:\/\/reco-andes.com\/index.php\/wp-json\/wp\/v2\/comments?post=126"}],"version-history":[{"count":64,"href":"http:\/\/reco-andes.com\/index.php\/wp-json\/wp\/v2\/pages\/126\/revisions"}],"predecessor-version":[{"id":1482,"href":"http:\/\/reco-andes.com\/index.php\/wp-json\/wp\/v2\/pages\/126\/revisions\/1482"}],"up":[{"embeddable":true,"href":"http:\/\/reco-andes.com\/index.php\/wp-json\/wp\/v2\/pages\/122"}],"wp:attachment":[{"href":"http:\/\/reco-andes.com\/index.php\/wp-json\/wp\/v2\/media?parent=126"}],"curies":[{"name":"wp","href":"https:\/\/api.w.org\/{rel}","templated":true}]}}