{"id":1255,"date":"2025-05-30T11:28:53","date_gmt":"2025-05-30T17:28:53","guid":{"rendered":"http:\/\/reco-andes.com\/?page_id=1255"},"modified":"2025-05-30T11:34:13","modified_gmt":"2025-05-30T17:34:13","slug":"los-bosques-tropicales-montanos-y-su-relacion-con-el-agua","status":"publish","type":"page","link":"http:\/\/reco-andes.com\/index.php\/ecologia-y-restauracion\/divulgacion-cientifica-02\/los-bosques-tropicales-montanos-y-su-relacion-con-el-agua\/","title":{"rendered":"Divulgaci\u00f3n Cient\u00edfica: Ensayos Voluntarios"},"content":{"rendered":"\t\t<div data-elementor-type=\"wp-page\" data-elementor-id=\"1255\" class=\"elementor elementor-1255\">\n\t\t\t\t<div class=\"elementor-element elementor-element-c64dfa4 e-flex e-con-boxed e-con e-parent\" data-id=\"c64dfa4\" data-element_type=\"container\">\n\t\t\t\t\t<div class=\"e-con-inner\">\n\t\t\t\t<div class=\"elementor-element elementor-element-adce057 elementor-widget elementor-widget-heading\" data-id=\"adce057\" data-element_type=\"widget\" data-widget_type=\"heading.default\">\n\t\t\t\t<div class=\"elementor-widget-container\">\n\t\t\t<style>\/*! elementor - v3.21.0 - 25-04-2024 *\/\n.elementor-heading-title{padding:0;margin:0;line-height:1}.elementor-widget-heading .elementor-heading-title[class*=elementor-size-]>a{color:inherit;font-size:inherit;line-height:inherit}.elementor-widget-heading .elementor-heading-title.elementor-size-small{font-size:15px}.elementor-widget-heading .elementor-heading-title.elementor-size-medium{font-size:19px}.elementor-widget-heading .elementor-heading-title.elementor-size-large{font-size:29px}.elementor-widget-heading .elementor-heading-title.elementor-size-xl{font-size:39px}.elementor-widget-heading .elementor-heading-title.elementor-size-xxl{font-size:59px}<\/style><h1 class=\"elementor-heading-title elementor-size-default\">Los Bosques Tropicales Montanos y su Relaci\u00f3n con el Agua<\/h1>\t\t<\/div>\n\t\t\t\t<\/div>\n\t\t\t\t\t<\/div>\n\t\t\t\t<\/div>\n\t\t<div class=\"elementor-element elementor-element-01d6e11 e-flex e-con-boxed e-con e-parent\" data-id=\"01d6e11\" data-element_type=\"container\">\n\t\t\t\t\t<div class=\"e-con-inner\">\n\t\t\t\t<div class=\"elementor-element elementor-element-a09770c elementor-widget elementor-widget-heading\" data-id=\"a09770c\" data-element_type=\"widget\" data-widget_type=\"heading.default\">\n\t\t\t\t<div class=\"elementor-widget-container\">\n\t\t\t<h5 class=\"elementor-heading-title elementor-size-default\">Nota escrita por Paula E. Salazar<\/h5>\t\t<\/div>\n\t\t\t\t<\/div>\n\t\t\t\t\t<\/div>\n\t\t\t\t<\/div>\n\t\t<div class=\"elementor-element elementor-element-431d714 e-flex e-con-boxed e-con e-parent\" data-id=\"431d714\" data-element_type=\"container\">\n\t\t\t\t\t<div class=\"e-con-inner\">\n\t\t\t\t<div class=\"elementor-element elementor-element-02e2cc1 elementor-widget elementor-widget-text-editor\" data-id=\"02e2cc1\" data-element_type=\"widget\" data-widget_type=\"text-editor.default\">\n\t\t\t\t<div class=\"elementor-widget-container\">\n\t\t\t<style>\/*! elementor - v3.21.0 - 25-04-2024 *\/\n.elementor-widget-text-editor.elementor-drop-cap-view-stacked .elementor-drop-cap{background-color:#69727d;color:#fff}.elementor-widget-text-editor.elementor-drop-cap-view-framed .elementor-drop-cap{color:#69727d;border:3px solid;background-color:transparent}.elementor-widget-text-editor:not(.elementor-drop-cap-view-default) .elementor-drop-cap{margin-top:8px}.elementor-widget-text-editor:not(.elementor-drop-cap-view-default) .elementor-drop-cap-letter{width:1em;height:1em}.elementor-widget-text-editor .elementor-drop-cap{float:left;text-align:center;line-height:1;font-size:50px}.elementor-widget-text-editor .elementor-drop-cap-letter{display:inline-block}<\/style>\t\t\t\t<p><span style=\"font-weight: 400;\">Los Bosques Tropicales Montanos (BTM) son ecosistemas que se caracterizan por su frecuente, aunque intermitente, contacto con la niebla. Ubicados en zonas altas de regiones tropicales, estos bosques interact\u00faan estrechamente con el agua a trav\u00e9s de procesos como la absorci\u00f3n foliar, la interceptaci\u00f3n de agua de las nubes y la regulaci\u00f3n de la transpiraci\u00f3n, desempe\u00f1ando un papel fundamental en los ciclos h\u00eddricos a escala local y regional. No obstante, el aumento de temperatura y la reducci\u00f3n de la humedad son algunas de las amenazas que enfrentan los BTM, poniendo en peligro al ecosistema y a todas las especies que habitan en \u00e9l.\u00a0 <\/span><\/p>\t\t\t\t\t\t<\/div>\n\t\t\t\t<\/div>\n\t\t\t\t\t<\/div>\n\t\t\t\t<\/div>\n\t\t<div class=\"elementor-element elementor-element-c32a552 e-flex e-con-boxed e-con e-parent\" data-id=\"c32a552\" data-element_type=\"container\">\n\t\t\t\t\t<div class=\"e-con-inner\">\n\t\t\t\t<div class=\"elementor-element elementor-element-c201a34 elementor-widget elementor-widget-image\" data-id=\"c201a34\" data-element_type=\"widget\" data-widget_type=\"image.default\">\n\t\t\t\t<div class=\"elementor-widget-container\">\n\t\t\t<style>\/*! elementor - v3.21.0 - 25-04-2024 *\/\n.elementor-widget-image{text-align:center}.elementor-widget-image a{display:inline-block}.elementor-widget-image a img[src$=\".svg\"]{width:48px}.elementor-widget-image img{vertical-align:middle;display:inline-block}<\/style>\t\t\t\t\t\t\t<figure class=\"wp-caption\">\n\t\t\t\t\t\t\t\t\t\t<img fetchpriority=\"high\" decoding=\"async\" width=\"252\" height=\"234\" src=\"http:\/\/reco-andes.com\/wp-content\/uploads\/2025\/05\/btm1.png\" class=\"attachment-large size-large wp-image-1257\" alt=\"\" \/>\t\t\t\t\t\t\t\t\t\t\t<figcaption class=\"widget-image-caption wp-caption-text\">Comparaci\u00f3n generalizada de los factores ambientales y sus correspondientes impactos en los flujos de carbono y agua en el bosque tropical montano. Elaborado por Gotsch et al.,2016<\/figcaption>\n\t\t\t\t\t\t\t\t\t\t<\/figure>\n\t\t\t\t\t\t\t<\/div>\n\t\t\t\t<\/div>\n\t\t\t\t\t<\/div>\n\t\t\t\t<\/div>\n\t\t<div class=\"elementor-element elementor-element-ce024a1 e-flex e-con-boxed e-con e-parent\" data-id=\"ce024a1\" data-element_type=\"container\">\n\t\t\t\t\t<div class=\"e-con-inner\">\n\t\t\t\t<div class=\"elementor-element elementor-element-e21f2f9 elementor-widget elementor-widget-text-editor\" data-id=\"e21f2f9\" data-element_type=\"widget\" data-widget_type=\"text-editor.default\">\n\t\t\t\t<div class=\"elementor-widget-container\">\n\t\t\t\t\t\t\t<p><span style=\"font-weight: 400;\">Dos mecanismos mediante los cuales los BTM intervienen en el ciclo del agua son: la absorci\u00f3n foliar de agua y la interceptaci\u00f3n de agua de las nubes, conocidos por sus siglas en ingl\u00e9s como FWU y CWI respectivamente. La CWI es el proceso por el que la vegetaci\u00f3n intercepta la humedad de las nubes y la condensa en su superficie. Investigaciones, como la de Holwerda et al., (2010), han determinado que, durante las \u00e9pocas secas, la CWI puede representar entre 6-8% del consumo total de agua del ecosistema. Por otro lado, la FWU es la capacidad de las plantas para absorber agua a trav\u00e9s de sus hojas. En \u00e9pocas secas, la FWU puede recuperar entre 4-16% del agua perdida, mientras que, en bosques con niebla m\u00e1s persistente, este porcentaje puede alcanzar hasta el 100% en ep\u00edfitas (Gotsch et al., 2015, como se cit\u00f3 en Gotsch et al., 2016).<\/span><span style=\"font-weight: 400;\">\u00a0<\/span><\/p>\t\t\t\t\t\t<\/div>\n\t\t\t\t<\/div>\n\t\t\t\t\t<\/div>\n\t\t\t\t<\/div>\n\t\t<div class=\"elementor-element elementor-element-0cad5b8 e-flex e-con-boxed e-con e-parent\" data-id=\"0cad5b8\" data-element_type=\"container\">\n\t\t\t\t\t<div class=\"e-con-inner\">\n\t\t<div class=\"elementor-element elementor-element-1440c7c e-con-full e-flex e-con e-child\" data-id=\"1440c7c\" data-element_type=\"container\">\n\t\t\t\t<div class=\"elementor-element elementor-element-5c04d57 elementor-widget elementor-widget-image\" data-id=\"5c04d57\" data-element_type=\"widget\" data-widget_type=\"image.default\">\n\t\t\t\t<div class=\"elementor-widget-container\">\n\t\t\t\t\t\t\t\t\t\t<figure class=\"wp-caption\">\n\t\t\t\t\t\t\t\t\t\t<img decoding=\"async\" width=\"623\" height=\"472\" src=\"http:\/\/reco-andes.com\/wp-content\/uploads\/2025\/05\/Bosque-1.png\" class=\"attachment-large size-large wp-image-1259\" alt=\"\" srcset=\"http:\/\/reco-andes.com\/wp-content\/uploads\/2025\/05\/Bosque-1.png 623w, http:\/\/reco-andes.com\/wp-content\/uploads\/2025\/05\/Bosque-1-300x227.png 300w\" sizes=\"(max-width: 623px) 100vw, 623px\" \/>\t\t\t\t\t\t\t\t\t\t\t<figcaption class=\"widget-image-caption wp-caption-text\">Guacamayos, bosque montano del Ecuador. Foto de Andrea Ch\u00e1vez<\/figcaption>\n\t\t\t\t\t\t\t\t\t\t<\/figure>\n\t\t\t\t\t\t\t<\/div>\n\t\t\t\t<\/div>\n\t\t\t\t<\/div>\n\t\t<div class=\"elementor-element elementor-element-2a47a06 e-con-full e-flex e-con e-child\" data-id=\"2a47a06\" data-element_type=\"container\">\n\t\t\t\t<div class=\"elementor-element elementor-element-f7b6ee3 elementor-widget elementor-widget-text-editor\" data-id=\"f7b6ee3\" data-element_type=\"widget\" data-widget_type=\"text-editor.default\">\n\t\t\t\t<div class=\"elementor-widget-container\">\n\t\t\t\t\t\t\t<p><span style=\"font-weight: 400;\">Adem\u00e1s, los BTM presentan tasas de transpiraci\u00f3n generalmente inferiores a las de los bosques tropicales de tierras bajas, debido a sus condiciones microclim\u00e1ticas particulares. La frecuente presencia de niebla mantiene una alta humedad relativa y reduce la radiaci\u00f3n solar, lo que disminuye la demanda atmosf\u00e9rica de agua y, por tanto, la p\u00e9rdida de agua a trav\u00e9s de las hojas. Esta menor transpiraci\u00f3n mejora la eficiencia en el uso del agua, permitiendo a las plantas optimizar su consumo h\u00eddrico durante la fotos\u00edntesis.<\/span><\/p>\t\t\t\t\t\t<\/div>\n\t\t\t\t<\/div>\n\t\t\t\t<\/div>\n\t\t\t\t\t<\/div>\n\t\t\t\t<\/div>\n\t\t<div class=\"elementor-element elementor-element-c0bff79 e-flex e-con-boxed e-con e-parent\" data-id=\"c0bff79\" data-element_type=\"container\">\n\t\t\t\t\t<div class=\"e-con-inner\">\n\t\t<div class=\"elementor-element elementor-element-16120d0 e-con-full e-flex e-con e-child\" data-id=\"16120d0\" data-element_type=\"container\">\n\t\t\t\t<div class=\"elementor-element elementor-element-44bc8fe elementor-widget elementor-widget-text-editor\" data-id=\"44bc8fe\" data-element_type=\"widget\" data-widget_type=\"text-editor.default\">\n\t\t\t\t<div class=\"elementor-widget-container\">\n\t\t\t\t\t\t\t<p><span style=\"font-weight: 400;\">Esta din\u00e1mica se acent\u00faa al considerar que el microclima de los BTM es altamente variable, y factores como el viento, la temperatura y la humedad cambian dr\u00e1sticamente a lo largo del d\u00eda y del a\u00f1o, generando fluctuaciones en los flujos de agua dentro del ecosistema. Por lo que los BTM son sistemas esenciales para el balance h\u00eddrico.<\/span><\/p>\t\t\t\t\t\t<\/div>\n\t\t\t\t<\/div>\n\t\t\t\t<\/div>\n\t\t<div class=\"elementor-element elementor-element-27bdf5e e-con-full e-flex e-con e-child\" data-id=\"27bdf5e\" data-element_type=\"container\">\n\t\t\t\t<div class=\"elementor-element elementor-element-6d1e8f1 elementor-widget elementor-widget-image\" data-id=\"6d1e8f1\" data-element_type=\"widget\" data-widget_type=\"image.default\">\n\t\t\t\t<div class=\"elementor-widget-container\">\n\t\t\t\t\t\t\t\t\t\t<figure class=\"wp-caption\">\n\t\t\t\t\t\t\t\t\t\t<img decoding=\"async\" width=\"640\" height=\"464\" src=\"http:\/\/reco-andes.com\/wp-content\/uploads\/2025\/05\/bosque-montano-tropical.png\" class=\"attachment-large size-large wp-image-1260\" alt=\"\" srcset=\"http:\/\/reco-andes.com\/wp-content\/uploads\/2025\/05\/bosque-montano-tropical.png 674w, http:\/\/reco-andes.com\/wp-content\/uploads\/2025\/05\/bosque-montano-tropical-300x218.png 300w\" sizes=\"(max-width: 640px) 100vw, 640px\" \/>\t\t\t\t\t\t\t\t\t\t\t<figcaption class=\"widget-image-caption wp-caption-text\">Bosque Montano Tropical. Foto de Andrea Ch\u00e1vez<\/figcaption>\n\t\t\t\t\t\t\t\t\t\t<\/figure>\n\t\t\t\t\t\t\t<\/div>\n\t\t\t\t<\/div>\n\t\t\t\t<\/div>\n\t\t\t\t\t<\/div>\n\t\t\t\t<\/div>\n\t\t<div class=\"elementor-element elementor-element-cad2234 e-flex e-con-boxed e-con e-parent\" data-id=\"cad2234\" data-element_type=\"container\">\n\t\t\t\t\t<div class=\"e-con-inner\">\n\t\t\t\t<div class=\"elementor-element elementor-element-3c98e29 elementor-widget elementor-widget-text-editor\" data-id=\"3c98e29\" data-element_type=\"widget\" data-widget_type=\"text-editor.default\">\n\t\t\t\t<div class=\"elementor-widget-container\">\n\t\t\t\t\t\t\t<p><span style=\"font-weight: 400;\">Sin embargo, estos ecosistemas enfrentan serias amenazas debido al cambio clim\u00e1tico, que podr\u00eda alterar los patrones de nubosidad y precipitaci\u00f3n de estos ecosistemas. Estudios en el bosque nuboso montano de Costa Rica han evidenciado un aumento en los d\u00edas sin lluvia asociado al incremento de las temperaturas, lo que sugiere una tendencia hacia condiciones m\u00e1s secas.\u00a0<\/span><\/p><p><span style=\"font-weight: 400;\">En conclusi\u00f3n, los BTM representan ecosistemas clave para la regulaci\u00f3n del ciclo hidrol\u00f3gico en regiones tropicales, gracias a su capacidad de captar agua de la niebla, reducir la transpiraci\u00f3n vegetal y mantener la humedad del suelo. Frente a las crecientes amenazas del cambio clim\u00e1tico, que ya est\u00e1 alterando los ciclos y caracter\u00edsticas de los bosques, se vuelve urgente implementar acciones concretas para la protecci\u00f3n de estos ecosistemas \u00fanicos. <\/span><\/p>\t\t\t\t\t\t<\/div>\n\t\t\t\t<\/div>\n\t\t\t\t\t<\/div>\n\t\t\t\t<\/div>\n\t\t<div class=\"elementor-element elementor-element-9d7ad67 e-flex e-con-boxed e-con e-parent\" data-id=\"9d7ad67\" data-element_type=\"container\">\n\t\t\t\t\t<div class=\"e-con-inner\">\n\t\t\t\t<div class=\"elementor-element elementor-element-285df65 elementor-widget elementor-widget-heading\" data-id=\"285df65\" data-element_type=\"widget\" data-widget_type=\"heading.default\">\n\t\t\t\t<div class=\"elementor-widget-container\">\n\t\t\t<h2 class=\"elementor-heading-title elementor-size-default\">Referecias<\/h2>\t\t<\/div>\n\t\t\t\t<\/div>\n\t\t\t\t\t<\/div>\n\t\t\t\t<\/div>\n\t\t<div class=\"elementor-element elementor-element-f42df69 e-flex e-con-boxed e-con e-parent\" data-id=\"f42df69\" data-element_type=\"container\">\n\t\t\t\t\t<div class=\"e-con-inner\">\n\t\t\t\t<div class=\"elementor-element elementor-element-0d92aed elementor-widget elementor-widget-text-editor\" data-id=\"0d92aed\" data-element_type=\"widget\" data-widget_type=\"text-editor.default\">\n\t\t\t\t<div class=\"elementor-widget-container\">\n\t\t\t\t\t\t\t<ul><li><span style=\"font-weight: 400;\">Holwerda, F., Bruijnzeel, L. A., Mu\u00f1oz-Villers, L. E., Equihua, M., &amp; Asbjornsen, H. (2010). Rainfall and cloud water interception in mature and secondary lower montane cloud forests of central Veracruz, Mexico. Journal of Hydrology, 384(1-2), 84-96.<\/span><\/li><li><span style=\"font-weight: 400;\">Gotsch, S. G., Asbjornsen, H., &amp; Goldsmith, G. R. (2016). Plant carbon and water fluxes in tropical montane cloud forests.\u00a0<\/span><i><span style=\"font-weight: 400;\">Journal of Tropical Ecology<\/span><\/i><span style=\"font-weight: 400;\">,\u00a0<\/span><i><span style=\"font-weight: 400;\">32<\/span><\/i><span style=\"font-weight: 400;\">(5), 404-420.<\/span><\/li><\/ul>\t\t\t\t\t\t<\/div>\n\t\t\t\t<\/div>\n\t\t\t\t\t<\/div>\n\t\t\t\t<\/div>\n\t\t\t\t<\/div>\n\t\t","protected":false},"excerpt":{"rendered":"<p>Los Bosques Tropicales Montanos y su Relaci\u00f3n con el Agua Nota escrita por Paula E. Salazar Los Bosques Tropicales Montanos (BTM) son ecosistemas que se caracterizan por su frecuente, aunque intermitente, contacto con la niebla. Ubicados en zonas altas de regiones tropicales, estos bosques interact\u00faan estrechamente con el agua a trav\u00e9s de procesos como la absorci\u00f3n foliar, la interceptaci\u00f3n de [&hellip;]<\/p>\n","protected":false},"author":1,"featured_media":0,"parent":1166,"menu_order":0,"comment_status":"closed","ping_status":"closed","template":"","meta":{"footnotes":""},"_links":{"self":[{"href":"http:\/\/reco-andes.com\/index.php\/wp-json\/wp\/v2\/pages\/1255"}],"collection":[{"href":"http:\/\/reco-andes.com\/index.php\/wp-json\/wp\/v2\/pages"}],"about":[{"href":"http:\/\/reco-andes.com\/index.php\/wp-json\/wp\/v2\/types\/page"}],"author":[{"embeddable":true,"href":"http:\/\/reco-andes.com\/index.php\/wp-json\/wp\/v2\/users\/1"}],"replies":[{"embeddable":true,"href":"http:\/\/reco-andes.com\/index.php\/wp-json\/wp\/v2\/comments?post=1255"}],"version-history":[{"count":5,"href":"http:\/\/reco-andes.com\/index.php\/wp-json\/wp\/v2\/pages\/1255\/revisions"}],"predecessor-version":[{"id":1270,"href":"http:\/\/reco-andes.com\/index.php\/wp-json\/wp\/v2\/pages\/1255\/revisions\/1270"}],"up":[{"embeddable":true,"href":"http:\/\/reco-andes.com\/index.php\/wp-json\/wp\/v2\/pages\/1166"}],"wp:attachment":[{"href":"http:\/\/reco-andes.com\/index.php\/wp-json\/wp\/v2\/media?parent=1255"}],"curies":[{"name":"wp","href":"https:\/\/api.w.org\/{rel}","templated":true}]}}