{"id":1166,"date":"2024-12-23T15:20:07","date_gmt":"2024-12-23T21:20:07","guid":{"rendered":"http:\/\/reco-andes.com\/?page_id=1166"},"modified":"2025-03-26T07:09:10","modified_gmt":"2025-03-26T13:09:10","slug":"divulgacion-cientifica-02","status":"publish","type":"page","link":"http:\/\/reco-andes.com\/index.php\/ecologia-y-restauracion\/divulgacion-cientifica-02\/","title":{"rendered":"Divulgacion Cientifica : Ensayos voluntarios"},"content":{"rendered":"\t\t<div data-elementor-type=\"wp-page\" data-elementor-id=\"1166\" class=\"elementor elementor-1166\">\n\t\t\t\t<div class=\"elementor-element elementor-element-c6243ee e-flex e-con-boxed e-con e-parent\" data-id=\"c6243ee\" data-element_type=\"container\">\n\t\t\t\t\t<div class=\"e-con-inner\">\n\t\t\t\t<div class=\"elementor-element elementor-element-05b0c87 elementor-widget elementor-widget-heading\" data-id=\"05b0c87\" data-element_type=\"widget\" data-widget_type=\"heading.default\">\n\t\t\t\t<div class=\"elementor-widget-container\">\n\t\t\t<style>\/*! elementor - v3.21.0 - 25-04-2024 *\/\n.elementor-heading-title{padding:0;margin:0;line-height:1}.elementor-widget-heading .elementor-heading-title[class*=elementor-size-]>a{color:inherit;font-size:inherit;line-height:inherit}.elementor-widget-heading .elementor-heading-title.elementor-size-small{font-size:15px}.elementor-widget-heading .elementor-heading-title.elementor-size-medium{font-size:19px}.elementor-widget-heading .elementor-heading-title.elementor-size-large{font-size:29px}.elementor-widget-heading .elementor-heading-title.elementor-size-xl{font-size:39px}.elementor-widget-heading .elementor-heading-title.elementor-size-xxl{font-size:59px}<\/style><h1 class=\"elementor-heading-title elementor-size-default\">La ecolog\u00eda funcional como enfoque clave para la conservaci\u00f3n y gesti\u00f3n de la biodiversidad<\/h1>\t\t<\/div>\n\t\t\t\t<\/div>\n\t\t\t\t\t<\/div>\n\t\t\t\t<\/div>\n\t\t<div class=\"elementor-element elementor-element-b8a626f e-flex e-con-boxed e-con e-parent\" data-id=\"b8a626f\" data-element_type=\"container\">\n\t\t\t\t\t<div class=\"e-con-inner\">\n\t\t\t\t<div class=\"elementor-element elementor-element-36664d1 elementor-widget elementor-widget-text-editor\" data-id=\"36664d1\" data-element_type=\"widget\" data-widget_type=\"text-editor.default\">\n\t\t\t\t<div class=\"elementor-widget-container\">\n\t\t\t<style>\/*! elementor - v3.21.0 - 25-04-2024 *\/\n.elementor-widget-text-editor.elementor-drop-cap-view-stacked .elementor-drop-cap{background-color:#69727d;color:#fff}.elementor-widget-text-editor.elementor-drop-cap-view-framed .elementor-drop-cap{color:#69727d;border:3px solid;background-color:transparent}.elementor-widget-text-editor:not(.elementor-drop-cap-view-default) .elementor-drop-cap{margin-top:8px}.elementor-widget-text-editor:not(.elementor-drop-cap-view-default) .elementor-drop-cap-letter{width:1em;height:1em}.elementor-widget-text-editor .elementor-drop-cap{float:left;text-align:center;line-height:1;font-size:50px}.elementor-widget-text-editor .elementor-drop-cap-letter{display:inline-block}<\/style>\t\t\t\t<p style=\"text-align: right;\">Nota escrita por<a href=\"https:\/\/www.linkedin.com\/in\/laura-arrias-9a1a982a8\/\"><strong> Laura S. Arrias Chirino<\/strong>\u00a0\u00a0\u00a0\u00a0\u00a0\u00a0\u00a0\u00a0\u00a0\u00a0\u00a0\u00a0\u00a0\u00a0\u00a0\u00a0\u00a0\u00a0\u00a0\u00a0\u00a0<\/a>\u00a0\u00a0\u00a0\u00a0\u00a0\u00a0\u00a0\u00a0\u00a0\u00a0\u00a0\u00a0\u00a0\u00a0\u00a0\u00a0\u00a0\u00a0\u00a0\u00a0\u00a0\u00a0\u00a0\u00a0\u00a0\u00a0\u00a0\u00a0\u00a0\u00a0\u00a0\u00a0\u00a0\u00a0\u00a0\u00a0\u00a0\u00a0\u00a0\u00a0\u00a0\u00a0\u00a0\u00a0\u00a0\u00a0\u00a0\u00a0\u00a0\u00a0\u00a0\u00a0\u00a0\u00a0\u00a0\u00a0\u00a0\u00a0\u00a0\u00a0\u00a0\u00a0\u00a0\u00a0\u00a0\u00a0\u00a0\u00a0\u00a0\u00a0\u00a0\u00a0\u00a0\u00a0\u00a0\u00a0\u00a0\u00a0\u00a0\u00a0\u00a0<\/p>\t\t\t\t\t\t<\/div>\n\t\t\t\t<\/div>\n\t\t\t\t\t<\/div>\n\t\t\t\t<\/div>\n\t\t<div class=\"elementor-element elementor-element-f6e60af e-flex e-con-boxed e-con e-parent\" data-id=\"f6e60af\" data-element_type=\"container\">\n\t\t\t\t\t<div class=\"e-con-inner\">\n\t\t\t\t<div class=\"elementor-element elementor-element-664c1b4 elementor-widget elementor-widget-text-editor\" data-id=\"664c1b4\" data-element_type=\"widget\" data-widget_type=\"text-editor.default\">\n\t\t\t\t<div class=\"elementor-widget-container\">\n\t\t\t\t\t\t\t<p>En este contexto, la ecolog\u00eda funcional se posiciona como una disciplina clave para comprender c\u00f3mo los rasgos funcionales de los organismos \u2014atributos medibles que influyen en su rendimiento\u2014 afectan el funcionamiento de los ecosistemas y la provisi\u00f3n de servicios ecosist\u00e9micos (Zheng et al., 2024). Este enfoque permite ir m\u00e1s all\u00e1 de la diversidad taxon\u00f3mica, ofreciendo herramientas para analizar la resiliencia de los ecosistemas frente a cambios ambientales y perturbaciones globales (Correia &amp; Lopes, 2023).<\/p><p>En el contexto actual, marcado por la p\u00e9rdida de h\u00e1bitats, las invasiones biol\u00f3gicas y el cambio clim\u00e1tico, la ecolog\u00eda funcional es fundamental para dise\u00f1ar estrategias de conservaci\u00f3n y manejo sostenible que enfrenten estos desaf\u00edos (Ning et al., 2024). Este ensayo analiza los fundamentos de este enfoque, sus aplicaciones pr\u00e1cticas y los retos que enfrenta, destacando su relevancia en la restauraci\u00f3n ecol\u00f3gica y la mitigaci\u00f3n de los impactos del cambio global.<\/p>\t\t\t\t\t\t<\/div>\n\t\t\t\t<\/div>\n\t\t\t\t\t<\/div>\n\t\t\t\t<\/div>\n\t\t<div class=\"elementor-element elementor-element-a4533c6 e-flex e-con-boxed e-con e-parent\" data-id=\"a4533c6\" data-element_type=\"container\">\n\t\t\t\t\t<div class=\"e-con-inner\">\n\t\t\t\t<div class=\"elementor-element elementor-element-f942387 elementor-widget elementor-widget-text-editor\" data-id=\"f942387\" data-element_type=\"widget\" data-widget_type=\"text-editor.default\">\n\t\t\t\t<div class=\"elementor-widget-container\">\n\t\t\t\t\t\t\t<p>La ecolog\u00eda funcional, como rama de la ecolog\u00eda, se centra en la comprensi\u00f3n de los procesos ecol\u00f3gicos que operan en los ecosistemas, los mecanismos que determinan el ensamblaje de las comunidades biol\u00f3gicas y la capacidad de estas para adaptarse a motores de cambio global. Aunque inicialmente se emple\u00f3 para responder preguntas clave en biolog\u00eda, su conocimiento tiene un enorme potencial para ser aplicado en la gesti\u00f3n integral de la biodiversidad (Salgado-Negret, 2015, p. 213). Esto incluye la identificaci\u00f3n de \u00e1reas prioritarias para la conservaci\u00f3n, el manejo eficaz de las invasiones biol\u00f3gicas y la provisi\u00f3n de servicios ecosist\u00e9micos esenciales para el bienestar humano.<\/p>\t\t\t\t\t\t<\/div>\n\t\t\t\t<\/div>\n\t\t\t\t<div class=\"elementor-element elementor-element-89a73ae elementor-widget elementor-widget-image\" data-id=\"89a73ae\" data-element_type=\"widget\" data-widget_type=\"image.default\">\n\t\t\t\t<div class=\"elementor-widget-container\">\n\t\t\t<style>\/*! elementor - v3.21.0 - 25-04-2024 *\/\n.elementor-widget-image{text-align:center}.elementor-widget-image a{display:inline-block}.elementor-widget-image a img[src$=\".svg\"]{width:48px}.elementor-widget-image img{vertical-align:middle;display:inline-block}<\/style>\t\t\t\t\t\t\t<figure class=\"wp-caption\">\n\t\t\t\t\t\t\t\t\t\t<img fetchpriority=\"high\" decoding=\"async\" width=\"621\" height=\"622\" src=\"http:\/\/reco-andes.com\/wp-content\/uploads\/2024\/12\/functional-traits.jpg\" class=\"attachment-large size-large wp-image-1168\" alt=\"\" srcset=\"http:\/\/reco-andes.com\/wp-content\/uploads\/2024\/12\/functional-traits.jpg 621w, http:\/\/reco-andes.com\/wp-content\/uploads\/2024\/12\/functional-traits-300x300.jpg 300w, http:\/\/reco-andes.com\/wp-content\/uploads\/2024\/12\/functional-traits-150x150.jpg 150w\" sizes=\"(max-width: 621px) 100vw, 621px\" \/>\t\t\t\t\t\t\t\t\t\t\t<figcaption class=\"widget-image-caption wp-caption-text\">Gr\u00e1ficos por UW Ph.D. estudiante Janette Davidson, y el texto fue escrito en colaboraci\u00f3n con la alumna de la Universidad de Washington, Sienna Wessel.<\/figcaption>\n\t\t\t\t\t\t\t\t\t\t<\/figure>\n\t\t\t\t\t\t\t<\/div>\n\t\t\t\t<\/div>\n\t\t\t\t\t<\/div>\n\t\t\t\t<\/div>\n\t\t<div class=\"elementor-element elementor-element-497e9c2 e-flex e-con-boxed e-con e-parent\" data-id=\"497e9c2\" data-element_type=\"container\">\n\t\t\t\t\t<div class=\"e-con-inner\">\n\t\t\t\t<div class=\"elementor-element elementor-element-698a73b elementor-widget elementor-widget-text-editor\" data-id=\"698a73b\" data-element_type=\"widget\" data-widget_type=\"text-editor.default\">\n\t\t\t\t<div class=\"elementor-widget-container\">\n\t\t\t\t\t\t\t<p>En el n\u00facleo de la ecolog\u00eda funcional est\u00e1n los rasgos funcionales, atributos que afectan directamente el funcionamiento del ecosistema (Salgado-Negret, 2015, p. 214). En plantas, estos pueden incluir rasgos morfol\u00f3gicos, fisiol\u00f3gicos o fenol\u00f3gicos; mientras que, en fauna, abarcan aspectos conductuales relacionados con el uso del h\u00e1bitat. Por ejemplo, en ecosistemas secos, las plantas con maderas densas y hojas escler\u00f3filas est\u00e1n mejor adaptadas a la escasez de agua, mientras que, en anfibios, la impermeabilizaci\u00f3n cut\u00e1nea o la producci\u00f3n de ceras glandulares les permite tolerar condiciones de baja disponibilidad h\u00eddrica (Salgado-Negret, 2015, p. 222).<\/p><p>El enfoque funcional complementa la diversidad taxon\u00f3mica al centrarse en c\u00f3mo los organismos responden a las presiones ambientales y c\u00f3mo estas respuestas afectan los ecosistemas. La relaci\u00f3n entre biodiversidad y funcionamiento ecosist\u00e9mico (BEF, por sus siglas en ingl\u00e9s) demuestra que una mayor diversidad funcional suele estar asociada con ecosistemas m\u00e1s resilientes y multifuncionales (Correia &amp; Lopes, 2023c).<\/p><p>La ecolog\u00eda funcional ha transformado \u00e1reas como la restauraci\u00f3n ecol\u00f3gica, el manejo de especies invasoras y la planificaci\u00f3n para el cambio clim\u00e1tico. En restauraci\u00f3n, por ejemplo, la selecci\u00f3n de especies con diferentes rasgos funcionales permite maximizar el uso de recursos como agua y nutrientes. Comunidades de plantas con ra\u00edces de distinta longitud pueden estabilizar el suelo y mejorar el reciclaje de nutrientes en \u00e1reas degradadas (Salgado-Negret, 2015, p. 216). En cuanto al manejo de especies invasoras, este enfoque identifica rasgos que facilitan la dominancia de especies introducidas, como en el caso de los pastos ex\u00f3ticos en las sabanas de la Orinoqu\u00eda, cuya introducci\u00f3n alter\u00f3 las din\u00e1micas de nutrientes y limit\u00f3 la regeneraci\u00f3n de las especies nativas (Salgado-Negret, 2015, p. 210).<\/p><p>\u00a0<\/p>\t\t\t\t\t\t<\/div>\n\t\t\t\t<\/div>\n\t\t\t\t\t<\/div>\n\t\t\t\t<\/div>\n\t\t<div class=\"elementor-element elementor-element-ba9b19b e-flex e-con-boxed e-con e-parent\" data-id=\"ba9b19b\" data-element_type=\"container\">\n\t\t\t\t\t<div class=\"e-con-inner\">\n\t\t\t\t<div class=\"elementor-element elementor-element-b68710a elementor-widget elementor-widget-image\" data-id=\"b68710a\" data-element_type=\"widget\" data-widget_type=\"image.default\">\n\t\t\t\t<div class=\"elementor-widget-container\">\n\t\t\t\t\t\t\t\t\t\t<figure class=\"wp-caption\">\n\t\t\t\t\t\t\t\t\t\t<img decoding=\"async\" width=\"640\" height=\"915\" src=\"http:\/\/reco-andes.com\/wp-content\/uploads\/2024\/12\/fpls-12-622260-g001-716x1024.jpg\" class=\"attachment-large size-large wp-image-1169\" alt=\"\" srcset=\"http:\/\/reco-andes.com\/wp-content\/uploads\/2024\/12\/fpls-12-622260-g001-716x1024.jpg 716w, http:\/\/reco-andes.com\/wp-content\/uploads\/2024\/12\/fpls-12-622260-g001-210x300.jpg 210w, http:\/\/reco-andes.com\/wp-content\/uploads\/2024\/12\/fpls-12-622260-g001-768x1099.jpg 768w, http:\/\/reco-andes.com\/wp-content\/uploads\/2024\/12\/fpls-12-622260-g001.jpg 936w\" sizes=\"(max-width: 640px) 100vw, 640px\" \/>\t\t\t\t\t\t\t\t\t\t\t<figcaption class=\"widget-image-caption wp-caption-text\"> C\u00f3mo los rasgos funcionales de las plantas determinan el funcionamiento del ecosistema (A) y algunos ejemplos espec\u00edficos (B). (A) est\u00e1 adaptado de Lavorel y Garnier (2002) y Faucon et al. (2017).<\/figcaption>\n\t\t\t\t\t\t\t\t\t\t<\/figure>\n\t\t\t\t\t\t\t<\/div>\n\t\t\t\t<\/div>\n\t\t\t\t\t<\/div>\n\t\t\t\t<\/div>\n\t\t<div class=\"elementor-element elementor-element-dda4306 e-flex e-con-boxed e-con e-parent\" data-id=\"dda4306\" data-element_type=\"container\">\n\t\t\t\t\t<div class=\"e-con-inner\">\n\t\t\t\t<div class=\"elementor-element elementor-element-b9de56a elementor-widget elementor-widget-text-editor\" data-id=\"b9de56a\" data-element_type=\"widget\" data-widget_type=\"text-editor.default\">\n\t\t\t\t<div class=\"elementor-widget-container\">\n\t\t\t\t\t\t\t<p>El esquema \u00abefecto-respuesta\u00bb es otra herramienta clave que vincula los cambios ambientales con las respuestas de las comunidades. Este esquema muestra c\u00f3mo los rasgos funcionales permiten predecir los efectos de las perturbaciones sobre los ecosistemas. Por ejemplo, en ecosistemas secos, la selecci\u00f3n de especies con madera densa reduce la descomposici\u00f3n de hojarasca, afectando el ciclaje de nutrientes (Suding et al., 2008).<\/p><p>A pesar de los avances en la ecolog\u00eda funcional, esta disciplina enfrenta desaf\u00edos significativos. Uno de los principales retos es la falta de bases de datos estandarizadas y accesibles que documenten rasgos funcionales, particularmente en fauna, un grupo menos estudiado en comparaci\u00f3n con las plantas (Salgado-Negret, 2015). Adem\u00e1s, la incorporaci\u00f3n de la variabilidad intraespec\u00edfica en los modelos funcionales resulta crucial para mejorar las predicciones sobre la resiliencia de los ecosistemas. Seg\u00fan Ning et\u00a0al. (2024), las diferencias gen\u00e9ticas y la plasticidad fenot\u00edpica entre individuos dentro de una misma especie tienen un impacto considerable en c\u00f3mo las comunidades ecol\u00f3gicas responden a los cambios ambientales. Por \u00faltimo, se destaca la necesidad de fortalecer la interdisciplinariedad, fomentando colaboraciones cient\u00edficas que aborden las interacciones entre niveles tr\u00f3ficos y promuevan el desarrollo de estrategias de manejo m\u00e1s efectivas. Esto incluye la creaci\u00f3n de bases de datos globales que faciliten la integraci\u00f3n de conocimientos para responder a desaf\u00edos complejos relacionados con la estabilidad y multifuncionalidad de los ecosistemas (Salgado-Negret, 2015).<\/p><p>Adem\u00e1s, los modelos de simulaci\u00f3n, como el modelo de nicho ecol\u00f3gico, son herramientas importantes que permiten a los ec\u00f3logos predecir c\u00f3mo las comunidades pueden responder a cambios ambientales, tales como el cambio clim\u00e1tico o la introducci\u00f3n de especies invasoras. Estos modelos ayudan a los gestores de recursos naturales a desarrollar estrategias adaptativas para mitigar los impactos negativos sobre la biodiversidad y el funcionamiento del ecosistema (Salgado-Negret, 2015).<\/p><p>En conclusi\u00f3n, la ecolog\u00eda funcional ofrece un marco conceptual y metodol\u00f3gico fundamental para comprender las complejidades de las interacciones ecol\u00f3gicas y su impacto en la biodiversidad y los ecosistemas. A medida que enfrentamos desaf\u00edos ambientales sin precedentes, la integraci\u00f3n de enfoques funcionales en la investigaci\u00f3n y la gesti\u00f3n de la biodiversidad se vuelve esencial para la conservaci\u00f3n y restauraci\u00f3n de nuestros ecosistemas. La investigaci\u00f3n continua en este campo no solo ampliar\u00e1 nuestro conocimiento sobre las din\u00e1micas ecol\u00f3gicas, sino que tambi\u00e9n proporcionar\u00e1 herramientas pr\u00e1cticas para abordar los problemas ecol\u00f3gicos contempor\u00e1neos. En un mundo donde la interdependencia entre organismos y su entorno es cada vez m\u00e1s evidente, la ecolog\u00eda funcional se erige como un pilar esencial en la b\u00fasqueda de un futuro sostenible.<\/p>\t\t\t\t\t\t<\/div>\n\t\t\t\t<\/div>\n\t\t\t\t\t<\/div>\n\t\t\t\t<\/div>\n\t\t<div class=\"elementor-element elementor-element-23ca360 e-flex e-con-boxed e-con e-parent\" data-id=\"23ca360\" data-element_type=\"container\">\n\t\t\t\t\t<div class=\"e-con-inner\">\n\t\t\t\t<div class=\"elementor-element elementor-element-d0fa873 elementor-widget elementor-widget-heading\" data-id=\"d0fa873\" data-element_type=\"widget\" data-widget_type=\"heading.default\">\n\t\t\t\t<div class=\"elementor-widget-container\">\n\t\t\t<h2 class=\"elementor-heading-title elementor-size-default\">Referencias<\/h2>\t\t<\/div>\n\t\t\t\t<\/div>\n\t\t\t\t\t<\/div>\n\t\t\t\t<\/div>\n\t\t<div class=\"elementor-element elementor-element-0f2211f e-flex e-con-boxed e-con e-parent\" data-id=\"0f2211f\" data-element_type=\"container\">\n\t\t\t\t\t<div class=\"e-con-inner\">\n\t\t\t\t<div class=\"elementor-element elementor-element-6a4dcd6 elementor-widget elementor-widget-text-editor\" data-id=\"6a4dcd6\" data-element_type=\"widget\" data-widget_type=\"text-editor.default\">\n\t\t\t\t<div class=\"elementor-widget-container\">\n\t\t\t\t\t\t\t<p style=\"text-align: justify; line-height: 150%;\"><span lang=\"ES-EC\" style=\"text-indent: -35.45pt; font-size: 12pt; line-height: 150%; font-family: Calibri, sans-serif;\">Correia, A. M., &amp; Lopes, L. F. (2023). <\/span><span style=\"text-indent: -35.45pt; font-size: 12pt; line-height: 150%; font-family: Calibri, sans-serif;\">Revisiting Biodiversity and Ecosystem Functioning through the Lens of Complex Adaptive Systems. <i>Diversity<\/i>, <i>15<\/i>(8), 895. https:\/\/doi.org\/10.3390\/d15080895<\/span><\/p><p style=\"margin-left: 35.45pt; text-align: justify; text-indent: -35.45pt; line-height: 150%;\"><span style=\"font-size: 12.0pt; line-height: 150%; font-family: 'Calibri',sans-serif; mso-ansi-language: EN-US;\">Ning, Z., Xie, T., Wang, X., Zhu, Z., Chen, C., &amp; Cui, B. (2024). Biodiversity conservation and ecological restoration of vulnerable ecosystems in the Anthropocene. <i>Journal Of Plant Ecology<\/i>, <i>17<\/i>(5). https:\/\/doi.org\/10.1093\/jpe\/rtae074<\/span><\/p><p style=\"margin-left: 35.45pt; text-align: justify; text-indent: -35.45pt; line-height: 150%;\"><span style=\"font-size: 12.0pt; line-height: 150%; font-family: 'Calibri',sans-serif; mso-ansi-language: EN-US;\">Salgado-Negret, B. (ed). <\/span><span lang=\"ES-EC\" style=\"font-size: 12.0pt; line-height: 150%; font-family: 'Calibri',sans-serif;\">(2015). <i>La ecolog\u00eda funcional como aproximaci\u00f3n al estudio, manejo y conservaci\u00f3n de la biodiversidad: protocolos y aplicaciones.<\/i> Instituto de Investigaci\u00f3n de Recursos Biol\u00f3gicos Alexander von Humboldt. Bogot\u00e1, D. C. Colombia. <\/span><span style=\"font-size: 12.0pt; line-height: 150%; font-family: 'Calibri',sans-serif; mso-ansi-language: EN-US;\">236 pp.<\/span><\/p><p style=\"margin-left: 35.45pt; text-align: justify; text-indent: -35.45pt; line-height: 150%;\"><span style=\"font-size: 12.0pt; line-height: 150%; font-family: 'Calibri',sans-serif; mso-ansi-language: EN-US;\">Suding, K. N., S. Lavorel, F. S. Chapin, J. H. C. Cornelissen, S. D\u00edaz, E. Garnier, D. Goldbers, D. U. Hooper, S. T. Jackson, y M. L. Navas. (2008). Scaling environmental change through the community-level: a trait-based response-and-effect framework for plants. <i>Global Change Biology<\/i> 14:1125-1140.<\/span><\/p><p>\u00a0<\/p><p style=\"margin-left: 35.45pt; text-align: justify; text-indent: -35.45pt; line-height: 150%;\"><span style=\"font-size: 12.0pt; line-height: 150%; font-family: 'Calibri',sans-serif; mso-ansi-language: EN-US;\">Zheng, C., Zhang, F., Lin, Z., Yuan, L., Yao, H., Duan, G., Liu, Y., Liu, Y., Shi, H., &amp; Wen, Z. (2024). Using the response-effect trait framework to disentangle the effects of climate change and human activities on the provision of ecosystem services by vegetation. <i>Journal Of Plant Ecology<\/i>, <i>17<\/i>(5). https:\/\/doi.org\/10.1093\/jpe\/rtae024<\/span><\/p>\t\t\t\t\t\t<\/div>\n\t\t\t\t<\/div>\n\t\t\t\t\t<\/div>\n\t\t\t\t<\/div>\n\t\t\t\t<\/div>\n\t\t","protected":false},"excerpt":{"rendered":"<p>La ecolog\u00eda funcional como enfoque clave para la conservaci\u00f3n y gesti\u00f3n de la biodiversidad Nota escrita por Laura S. Arrias Chirino\u00a0\u00a0\u00a0\u00a0\u00a0\u00a0\u00a0\u00a0\u00a0\u00a0\u00a0\u00a0\u00a0\u00a0\u00a0\u00a0\u00a0\u00a0\u00a0\u00a0\u00a0\u00a0\u00a0\u00a0\u00a0\u00a0\u00a0\u00a0\u00a0\u00a0\u00a0\u00a0\u00a0\u00a0\u00a0\u00a0\u00a0\u00a0\u00a0\u00a0\u00a0\u00a0\u00a0\u00a0\u00a0\u00a0\u00a0\u00a0\u00a0\u00a0\u00a0\u00a0\u00a0\u00a0\u00a0\u00a0\u00a0\u00a0\u00a0\u00a0\u00a0\u00a0\u00a0\u00a0\u00a0\u00a0\u00a0\u00a0\u00a0\u00a0\u00a0\u00a0\u00a0\u00a0\u00a0\u00a0\u00a0\u00a0\u00a0\u00a0\u00a0\u00a0\u00a0\u00a0\u00a0\u00a0\u00a0\u00a0\u00a0\u00a0\u00a0\u00a0\u00a0\u00a0\u00a0\u00a0\u00a0\u00a0\u00a0\u00a0\u00a0\u00a0 En este contexto, la ecolog\u00eda funcional se posiciona como una disciplina clave para comprender c\u00f3mo los rasgos funcionales de los organismos \u2014atributos medibles que influyen en su rendimiento\u2014 afectan el funcionamiento de los ecosistemas y la provisi\u00f3n de servicios [&hellip;]<\/p>\n","protected":false},"author":1,"featured_media":0,"parent":33,"menu_order":0,"comment_status":"closed","ping_status":"closed","template":"","meta":{"footnotes":""},"_links":{"self":[{"href":"http:\/\/reco-andes.com\/index.php\/wp-json\/wp\/v2\/pages\/1166"}],"collection":[{"href":"http:\/\/reco-andes.com\/index.php\/wp-json\/wp\/v2\/pages"}],"about":[{"href":"http:\/\/reco-andes.com\/index.php\/wp-json\/wp\/v2\/types\/page"}],"author":[{"embeddable":true,"href":"http:\/\/reco-andes.com\/index.php\/wp-json\/wp\/v2\/users\/1"}],"replies":[{"embeddable":true,"href":"http:\/\/reco-andes.com\/index.php\/wp-json\/wp\/v2\/comments?post=1166"}],"version-history":[{"count":8,"href":"http:\/\/reco-andes.com\/index.php\/wp-json\/wp\/v2\/pages\/1166\/revisions"}],"predecessor-version":[{"id":1176,"href":"http:\/\/reco-andes.com\/index.php\/wp-json\/wp\/v2\/pages\/1166\/revisions\/1176"}],"up":[{"embeddable":true,"href":"http:\/\/reco-andes.com\/index.php\/wp-json\/wp\/v2\/pages\/33"}],"wp:attachment":[{"href":"http:\/\/reco-andes.com\/index.php\/wp-json\/wp\/v2\/media?parent=1166"}],"curies":[{"name":"wp","href":"https:\/\/api.w.org\/{rel}","templated":true}]}}