{"id":1153,"date":"2024-12-23T14:38:22","date_gmt":"2024-12-23T20:38:22","guid":{"rendered":"http:\/\/reco-andes.com\/?page_id=1153"},"modified":"2025-03-26T07:56:17","modified_gmt":"2025-03-26T13:56:17","slug":"divulgacion-martin","status":"publish","type":"page","link":"http:\/\/reco-andes.com\/index.php\/ecologia-y-restauracion\/divulgacion-martin\/","title":{"rendered":"Divulgaci\u00f3n Cient\u00edfica"},"content":{"rendered":"\t\t<div data-elementor-type=\"wp-page\" data-elementor-id=\"1153\" class=\"elementor elementor-1153\">\n\t\t\t\t<div class=\"elementor-element elementor-element-3784d11 e-flex e-con-boxed e-con e-parent\" data-id=\"3784d11\" data-element_type=\"container\">\n\t\t\t\t\t<div class=\"e-con-inner\">\n\t\t\t\t<div class=\"elementor-element elementor-element-7456577 elementor-widget elementor-widget-image\" data-id=\"7456577\" data-element_type=\"widget\" data-widget_type=\"image.default\">\n\t\t\t\t<div class=\"elementor-widget-container\">\n\t\t\t<style>\/*! elementor - v3.21.0 - 25-04-2024 *\/\n.elementor-widget-image{text-align:center}.elementor-widget-image a{display:inline-block}.elementor-widget-image a img[src$=\".svg\"]{width:48px}.elementor-widget-image img{vertical-align:middle;display:inline-block}<\/style>\t\t\t\t\t\t\t\t\t\t<img fetchpriority=\"high\" decoding=\"async\" width=\"640\" height=\"426\" src=\"http:\/\/reco-andes.com\/wp-content\/uploads\/2024\/08\/fig1.webp\" class=\"attachment-large size-large wp-image-1071\" alt=\"\" srcset=\"http:\/\/reco-andes.com\/wp-content\/uploads\/2024\/08\/fig1.webp 1024w, http:\/\/reco-andes.com\/wp-content\/uploads\/2024\/08\/fig1-300x200.webp 300w, http:\/\/reco-andes.com\/wp-content\/uploads\/2024\/08\/fig1-768x512.webp 768w, http:\/\/reco-andes.com\/wp-content\/uploads\/2024\/08\/fig1-600x400.webp 600w\" sizes=\"(max-width: 640px) 100vw, 640px\" \/>\t\t\t\t\t\t\t\t\t\t\t\t\t<\/div>\n\t\t\t\t<\/div>\n\t\t\t\t\t<\/div>\n\t\t\t\t<\/div>\n\t\t<div class=\"elementor-element elementor-element-0785760 e-flex e-con-boxed e-con e-parent\" data-id=\"0785760\" data-element_type=\"container\">\n\t\t\t\t\t<div class=\"e-con-inner\">\n\t\t\t\t<div class=\"elementor-element elementor-element-850f758 elementor-widget elementor-widget-heading\" data-id=\"850f758\" data-element_type=\"widget\" data-widget_type=\"heading.default\">\n\t\t\t\t<div class=\"elementor-widget-container\">\n\t\t\t<style>\/*! elementor - v3.21.0 - 25-04-2024 *\/\n.elementor-heading-title{padding:0;margin:0;line-height:1}.elementor-widget-heading .elementor-heading-title[class*=elementor-size-]>a{color:inherit;font-size:inherit;line-height:inherit}.elementor-widget-heading .elementor-heading-title.elementor-size-small{font-size:15px}.elementor-widget-heading .elementor-heading-title.elementor-size-medium{font-size:19px}.elementor-widget-heading .elementor-heading-title.elementor-size-large{font-size:29px}.elementor-widget-heading .elementor-heading-title.elementor-size-xl{font-size:39px}.elementor-widget-heading .elementor-heading-title.elementor-size-xxl{font-size:59px}<\/style><h1 class=\"elementor-heading-title elementor-size-default\">BOSQUE MONTANOS DE LOS ANDES TROPICALES<\/h1>\t\t<\/div>\n\t\t\t\t<\/div>\n\t\t\t\t\t<\/div>\n\t\t\t\t<\/div>\n\t\t<div class=\"elementor-element elementor-element-657cd15 e-flex e-con-boxed e-con e-parent\" data-id=\"657cd15\" data-element_type=\"container\">\n\t\t\t\t\t<div class=\"e-con-inner\">\n\t\t\t\t<div class=\"elementor-element elementor-element-f9d603d elementor-widget elementor-widget-text-editor\" data-id=\"f9d603d\" data-element_type=\"widget\" data-widget_type=\"text-editor.default\">\n\t\t\t\t<div class=\"elementor-widget-container\">\n\t\t\t<style>\/*! elementor - v3.21.0 - 25-04-2024 *\/\n.elementor-widget-text-editor.elementor-drop-cap-view-stacked .elementor-drop-cap{background-color:#69727d;color:#fff}.elementor-widget-text-editor.elementor-drop-cap-view-framed .elementor-drop-cap{color:#69727d;border:3px solid;background-color:transparent}.elementor-widget-text-editor:not(.elementor-drop-cap-view-default) .elementor-drop-cap{margin-top:8px}.elementor-widget-text-editor:not(.elementor-drop-cap-view-default) .elementor-drop-cap-letter{width:1em;height:1em}.elementor-widget-text-editor .elementor-drop-cap{float:left;text-align:center;line-height:1;font-size:50px}.elementor-widget-text-editor .elementor-drop-cap-letter{display:inline-block}<\/style>\t\t\t\t<p style=\"text-align: right;\"><strong>Nota escrita por Mart\u00edn Rodriguez<\/strong><\/p>\t\t\t\t\t\t<\/div>\n\t\t\t\t<\/div>\n\t\t\t\t\t<\/div>\n\t\t\t\t<\/div>\n\t\t<div class=\"elementor-element elementor-element-f7b2f2e e-flex e-con-boxed e-con e-parent\" data-id=\"f7b2f2e\" data-element_type=\"container\">\n\t\t\t\t\t<div class=\"e-con-inner\">\n\t\t<div class=\"elementor-element elementor-element-6f2e6cb e-con-full e-flex e-con e-child\" data-id=\"6f2e6cb\" data-element_type=\"container\">\n\t\t\t\t<div class=\"elementor-element elementor-element-4715aba elementor-widget elementor-widget-text-editor\" data-id=\"4715aba\" data-element_type=\"widget\" data-widget_type=\"text-editor.default\">\n\t\t\t\t<div class=\"elementor-widget-container\">\n\t\t\t\t\t\t\t<p>Los bosques montanos de los Andes tropicales cubren una vasta extensi\u00f3n de 1.543.000 km\u00b2, desde el oeste de Venezuela hasta la frontera entre Bolivia, Chile y Argentina. Estos bosques son considerados los ecosistemas con mayor riqueza y biodiversidad en la Tierra. Se les conoce como Bosques Montanos Nublados Tropicales (BNTM).<\/p><p>La geograf\u00eda de estos bosques se caracteriza por pendientes empinadas, quebradas<br \/>profundas y diversos climas generados por variaciones de altitud. Esto crea una gran diversidad de ecosistemas que se extiende desde el piedemonte, a una altitud de entre 100 y 500 metros sobre el nivel del mar (msnm), hasta la cima de la monta\u00f1a o el l\u00edmite arb\u00f3reo, ubicado a unos 3.200 msnm. Este gradiente continuo, que se extiende hasta los 2.500 metros, se acompa\u00f1a de la neblina, que se forma cuando las nubes envuelven las copas de los \u00e1rboles (Cuesta et al., 2009).<\/p>\t\t\t\t\t\t<\/div>\n\t\t\t\t<\/div>\n\t\t\t\t<\/div>\n\t\t<div class=\"elementor-element elementor-element-c384b51 e-con-full e-flex e-con e-child\" data-id=\"c384b51\" data-element_type=\"container\">\n\t\t\t\t<div class=\"elementor-element elementor-element-4acf3f7 elementor-widget elementor-widget-image\" data-id=\"4acf3f7\" data-element_type=\"widget\" data-widget_type=\"image.default\">\n\t\t\t\t<div class=\"elementor-widget-container\">\n\t\t\t\t\t\t\t\t\t\t<figure class=\"wp-caption\">\n\t\t\t\t\t\t\t\t\t\t<img decoding=\"async\" width=\"432\" height=\"500\" src=\"http:\/\/reco-andes.com\/wp-content\/uploads\/2025\/03\/31979528590_039fc1be6c.jpg\" class=\"attachment-large size-large wp-image-1240\" alt=\"\" srcset=\"http:\/\/reco-andes.com\/wp-content\/uploads\/2025\/03\/31979528590_039fc1be6c.jpg 432w, http:\/\/reco-andes.com\/wp-content\/uploads\/2025\/03\/31979528590_039fc1be6c-259x300.jpg 259w\" sizes=\"(max-width: 432px) 100vw, 432px\" \/>\t\t\t\t\t\t\t\t\t\t\t<figcaption class=\"widget-image-caption wp-caption-text\">Regiones de los Andes tropicales<\/figcaption>\n\t\t\t\t\t\t\t\t\t\t<\/figure>\n\t\t\t\t\t\t\t<\/div>\n\t\t\t\t<\/div>\n\t\t\t\t<\/div>\n\t\t\t\t\t<\/div>\n\t\t\t\t<\/div>\n\t\t<div class=\"elementor-element elementor-element-72e1cc3 e-flex e-con-boxed e-con e-parent\" data-id=\"72e1cc3\" data-element_type=\"container\">\n\t\t\t\t\t<div class=\"e-con-inner\">\n\t\t<div class=\"elementor-element elementor-element-4d39176 e-con-full e-flex e-con e-child\" data-id=\"4d39176\" data-element_type=\"container\">\n\t\t\t\t<div class=\"elementor-element elementor-element-f952b04 elementor-widget__width-initial elementor-widget elementor-widget-image\" data-id=\"f952b04\" data-element_type=\"widget\" data-widget_type=\"image.default\">\n\t\t\t\t<div class=\"elementor-widget-container\">\n\t\t\t\t\t\t\t\t\t\t<figure class=\"wp-caption\">\n\t\t\t\t\t\t\t\t\t\t<img decoding=\"async\" width=\"640\" height=\"569\" src=\"http:\/\/reco-andes.com\/wp-content\/uploads\/2025\/03\/A.-ACUMINATA-inflrescencias-y-hojas-copia-1-1024x911.jpeg\" class=\"attachment-large size-large wp-image-1237\" alt=\"\" srcset=\"http:\/\/reco-andes.com\/wp-content\/uploads\/2025\/03\/A.-ACUMINATA-inflrescencias-y-hojas-copia-1-1024x911.jpeg 1024w, http:\/\/reco-andes.com\/wp-content\/uploads\/2025\/03\/A.-ACUMINATA-inflrescencias-y-hojas-copia-1-300x267.jpeg 300w, http:\/\/reco-andes.com\/wp-content\/uploads\/2025\/03\/A.-ACUMINATA-inflrescencias-y-hojas-copia-1-768x683.jpeg 768w, http:\/\/reco-andes.com\/wp-content\/uploads\/2025\/03\/A.-ACUMINATA-inflrescencias-y-hojas-copia-1-1536x1366.jpeg 1536w, http:\/\/reco-andes.com\/wp-content\/uploads\/2025\/03\/A.-ACUMINATA-inflrescencias-y-hojas-copia-1.jpeg 1600w\" sizes=\"(max-width: 640px) 100vw, 640px\" \/>\t\t\t\t\t\t\t\t\t\t\t<figcaption class=\"widget-image-caption wp-caption-text\">Alnus acuminata, especie t\u00edpica de los Andes. Foto por Susana Le\u00f3n-Y\u00e1nez<\/figcaption>\n\t\t\t\t\t\t\t\t\t\t<\/figure>\n\t\t\t\t\t\t\t<\/div>\n\t\t\t\t<\/div>\n\t\t\t\t<\/div>\n\t\t<div class=\"elementor-element elementor-element-6405cab e-con-full e-flex e-con e-child\" data-id=\"6405cab\" data-element_type=\"container\">\n\t\t\t\t<div class=\"elementor-element elementor-element-32e6b43 elementor-widget elementor-widget-text-editor\" data-id=\"32e6b43\" data-element_type=\"widget\" data-widget_type=\"text-editor.default\">\n\t\t\t\t<div class=\"elementor-widget-container\">\n\t\t\t\t\t\t\t<p>Dentro de los bosques montanos nublados, se encuentran varios tipos, como los bosques pluviales o de neblina, bosques estacionales y bosques xerof\u00edticos, que se distinguen por factores ambientales como la altitud, las temperaturas m\u00ednimas y la cantidad total de precipitaci\u00f3n. El bosque nublado, que se ubica entre los 1.000 y 3.500 metros de altitud, pertenece a la categor\u00eda de bosques siempreverdes. En su flora se pueden encontrar especies como las palmas del g\u00e9nero Ceroxylon, as\u00ed como otras especies como\u00a0<em>Hedyosmun bonplandianum, Ocotea calophylla, Brunnellia integrifolia, Ladenbergia\u00a0<\/em><em>macrocarpa, Oreopanax spp., Ilex spp., Persea spp., Cinchona spp.<\/em>, <em>Retrophyllum\u00a0<\/em><em>rospigliosii, Billia columbiana, Clethra fagifolia, Clusia, Weinmannia<\/em> y diversas especies de la familia Lauraceae. Tambi\u00e9n es com\u00fan encontrar orqu\u00eddeas y bromelias t\u00edpicas de la zona. Entre la fauna, se destacan pumas, osos de anteojos, aves ex\u00f3ticas y reptiles. La singularidad de este bosque radica en la adaptaci\u00f3n de su flora, que puede crecer en condiciones de temperaturas bajas y con poca luz solar (Rosbotham, 2014).<\/p>\t\t\t\t\t\t<\/div>\n\t\t\t\t<\/div>\n\t\t\t\t<\/div>\n\t\t\t\t\t<\/div>\n\t\t\t\t<\/div>\n\t\t<div class=\"elementor-element elementor-element-7820205 e-flex e-con-boxed e-con e-parent\" data-id=\"7820205\" data-element_type=\"container\">\n\t\t\t\t\t<div class=\"e-con-inner\">\n\t\t<div class=\"elementor-element elementor-element-d4ddd80 e-con-full e-flex e-con e-child\" data-id=\"d4ddd80\" data-element_type=\"container\">\n\t\t\t\t<div class=\"elementor-element elementor-element-f1b2139 elementor-widget elementor-widget-text-editor\" data-id=\"f1b2139\" data-element_type=\"widget\" data-widget_type=\"text-editor.default\">\n\t\t\t\t<div class=\"elementor-widget-container\">\n\t\t\t\t\t\t\t<p>La biomasa de los bosques montanos tropicales representa el 60% de las reservas de carbono de la vegetaci\u00f3n terrestre (Yepes et al., 2015). La biomasa es la cantidad de materia org\u00e1nica generada por plantas, animales y microorganismos, y est\u00e1 relacionadacon la productividad y la importancia econ\u00f3mica de cada nivel tr\u00f3fico. Se clasifica en biomasa primaria, asociada a los productores (plantas), cuya producci\u00f3n est\u00e1 limitada por factores como la concentraci\u00f3n de nutrientes en el agua, la intensidad de radiaci\u00f3n y\u00a0<span style=\"text-align: var(--text-align);\">la capacidad del bosque para asimilar recursos. La biomasa secundaria est\u00e1 vinculada a\u00a0<\/span><span style=\"text-align: var(--text-align);\">los consumidores y descomponedores. Los bosques nublados ubicados entre 1.200 y\u00a0<\/span><span style=\"text-align: var(--text-align);\">1.500 metros de altitud son similares a los ecosistemas de los bosques tropicales de\u00a0<\/span><span style=\"text-align: var(--text-align);\">tierras bajas, pero a mayores altitudes, la diversidad y la altura del dosel disminuyen,\u00a0<\/span><span style=\"text-align: var(--text-align);\">mientras que la diversidad y la biomasa de las ep\u00edfitas y los musgos aumentan (Cueva et\u00a0<\/span><span style=\"text-align: var(--text-align);\">al., 2019<\/span><\/p>\t\t\t\t\t\t<\/div>\n\t\t\t\t<\/div>\n\t\t\t\t<\/div>\n\t\t<div class=\"elementor-element elementor-element-d762c0f e-con-full e-flex e-con e-child\" data-id=\"d762c0f\" data-element_type=\"container\">\n\t\t\t\t<div class=\"elementor-element elementor-element-a649669 elementor-widget__width-initial elementor-widget elementor-widget-image\" data-id=\"a649669\" data-element_type=\"widget\" data-widget_type=\"image.default\">\n\t\t\t\t<div class=\"elementor-widget-container\">\n\t\t\t\t\t\t\t\t\t\t<figure class=\"wp-caption\">\n\t\t\t\t\t\t\t\t\t\t<img loading=\"lazy\" decoding=\"async\" width=\"2560\" height=\"1920\" src=\"http:\/\/reco-andes.com\/wp-content\/uploads\/2025\/03\/IMG_20241128_150155452-scaled.jpg\" class=\"attachment-full size-full wp-image-1238\" alt=\"\" srcset=\"http:\/\/reco-andes.com\/wp-content\/uploads\/2025\/03\/IMG_20241128_150155452-scaled.jpg 2560w, http:\/\/reco-andes.com\/wp-content\/uploads\/2025\/03\/IMG_20241128_150155452-300x225.jpg 300w, http:\/\/reco-andes.com\/wp-content\/uploads\/2025\/03\/IMG_20241128_150155452-1024x768.jpg 1024w, http:\/\/reco-andes.com\/wp-content\/uploads\/2025\/03\/IMG_20241128_150155452-768x576.jpg 768w, http:\/\/reco-andes.com\/wp-content\/uploads\/2025\/03\/IMG_20241128_150155452-1536x1152.jpg 1536w, http:\/\/reco-andes.com\/wp-content\/uploads\/2025\/03\/IMG_20241128_150155452-2048x1536.jpg 2048w\" sizes=\"(max-width: 2560px) 100vw, 2560px\" \/>\t\t\t\t\t\t\t\t\t\t\t<figcaption class=\"widget-image-caption wp-caption-text\">Bosque de Cajanuma. Foto por Andrea Ch\u00e1vez<\/figcaption>\n\t\t\t\t\t\t\t\t\t\t<\/figure>\n\t\t\t\t\t\t\t<\/div>\n\t\t\t\t<\/div>\n\t\t\t\t<\/div>\n\t\t\t\t\t<\/div>\n\t\t\t\t<\/div>\n\t\t<div class=\"elementor-element elementor-element-2425e54 e-flex e-con-boxed e-con e-parent\" data-id=\"2425e54\" data-element_type=\"container\">\n\t\t\t\t\t<div class=\"e-con-inner\">\n\t\t\t\t<div class=\"elementor-element elementor-element-044a454 elementor-widget__width-initial elementor-widget elementor-widget-text-editor\" data-id=\"044a454\" data-element_type=\"widget\" data-widget_type=\"text-editor.default\">\n\t\t\t\t<div class=\"elementor-widget-container\">\n\t\t\t\t\t\t\t<p style=\"text-align: center;\">Los bosques montanos nublados tropicales representan un ecosistema \u00fanico y vital para la biodiversidad global. Su gran extensi\u00f3n y variedad de h\u00e1bitats, influenciados por el gradiente altitudinal y las condiciones clim\u00e1ticas particulares, los convierten en reservorios de especies end\u00e9micas y adaptadas a las exigentes condiciones del entorno. Adem\u00e1s, estos bosques desempe\u00f1an un papel crucial en la regulaci\u00f3n h\u00eddrica y en el ciclo del carbono, siendo responsables de una parte significativa de las reservas de carbono terrestre. La riqueza en flora y fauna, junto con las funciones ecol\u00f3gicas que realizan, subraya la necesidad de conservar estos bosques para garantizar la salud ambiental y la estabilidad clim\u00e1tica global.<\/p>\t\t\t\t\t\t<\/div>\n\t\t\t\t<\/div>\n\t\t\t\t\t<\/div>\n\t\t\t\t<\/div>\n\t\t<div class=\"elementor-element elementor-element-eb6c48d e-flex e-con-boxed e-con e-parent\" data-id=\"eb6c48d\" data-element_type=\"container\">\n\t\t\t\t\t<div class=\"e-con-inner\">\n\t\t\t\t<div class=\"elementor-element elementor-element-36736be elementor-widget elementor-widget-heading\" data-id=\"36736be\" data-element_type=\"widget\" data-widget_type=\"heading.default\">\n\t\t\t\t<div class=\"elementor-widget-container\">\n\t\t\t<h3 class=\"elementor-heading-title elementor-size-default\">Referencias<\/h3>\t\t<\/div>\n\t\t\t\t<\/div>\n\t\t\t\t\t<\/div>\n\t\t\t\t<\/div>\n\t\t<div class=\"elementor-element elementor-element-5247785 e-flex e-con-boxed e-con e-parent\" data-id=\"5247785\" data-element_type=\"container\">\n\t\t\t\t\t<div class=\"e-con-inner\">\n\t\t\t\t<div class=\"elementor-element elementor-element-92097e8 elementor-widget elementor-widget-text-editor\" data-id=\"92097e8\" data-element_type=\"widget\" data-widget_type=\"text-editor.default\">\n\t\t\t\t<div class=\"elementor-widget-container\">\n\t\t\t\t\t\t\t<ul><li>Brown, A. D., &amp;amp; Kappelle, M. (2001). Introducci\u00f3n a los bosques nublados del neotr\u00f3pico: una s\u00edntesis regional. Bosques nublados del neotr\u00f3pico, 27-40.<\/li><li>Cuesta F., Peralvo M. y N. Valarezo. (2009). \u201cLos bosques montanos de los Andes Tropicales. Una evaluaci\u00f3n regional de su estado de conservaci\u00f3n y de su vulnerabilidad a efectos del cambio clim\u00e1tico\u201d. Serie Investigaci\u00f3n y Sistematizaci\u00f3n # 5. Programa<br \/>Regional ECOBONA \u2013 INTERCOOPERATION. Quito.<\/li><li>Cueva, E., Lozano, D., &amp;amp; Yaguana, C. (2019). Efecto de la gradiente altitudinal sobre la composici\u00f3n flor\u00edstica, estructura y biomasa arb\u00f3rea del bosque seco andino, Loja, Ecuador. Bosque (Valdivia), 40(3), 365-378.<\/li><li>Rosbotham, R. (2014). La diversidad y la densidad de las ep\u00edfitas vasculares en la Reserva Cerro Candelaria: La diferencia entre las alturas y dos tipos de bosque nublado en Ecuador.<\/li><li>Yepes, A., Herrera, J., Phillips, J., Cabrera, E., Galindo, G., Granados, E., &#8230; &amp;amp; Cardona, M. (2015). Contribuci\u00f3n de los bosques tropicales de monta\u00f1a en el almacenamiento de carbono en Colombia. Revista de Biolog\u00eda Tropical, 63(1), 69-82.<\/li><\/ul><p>\u00a0<\/p>\t\t\t\t\t\t<\/div>\n\t\t\t\t<\/div>\n\t\t\t\t\t<\/div>\n\t\t\t\t<\/div>\n\t\t\t\t<\/div>\n\t\t","protected":false},"excerpt":{"rendered":"<p>BOSQUE MONTANOS DE LOS ANDES TROPICALES Nota escrita por Mart\u00edn Rodriguez Los bosques montanos de los Andes tropicales cubren una vasta extensi\u00f3n de 1.543.000 km\u00b2, desde el oeste de Venezuela hasta la frontera entre Bolivia, Chile y Argentina. Estos bosques son considerados los ecosistemas con mayor riqueza y biodiversidad en la Tierra. Se les conoce como Bosques Montanos Nublados Tropicales [&hellip;]<\/p>\n","protected":false},"author":1,"featured_media":0,"parent":33,"menu_order":0,"comment_status":"closed","ping_status":"closed","template":"","meta":{"footnotes":""},"_links":{"self":[{"href":"http:\/\/reco-andes.com\/index.php\/wp-json\/wp\/v2\/pages\/1153"}],"collection":[{"href":"http:\/\/reco-andes.com\/index.php\/wp-json\/wp\/v2\/pages"}],"about":[{"href":"http:\/\/reco-andes.com\/index.php\/wp-json\/wp\/v2\/types\/page"}],"author":[{"embeddable":true,"href":"http:\/\/reco-andes.com\/index.php\/wp-json\/wp\/v2\/users\/1"}],"replies":[{"embeddable":true,"href":"http:\/\/reco-andes.com\/index.php\/wp-json\/wp\/v2\/comments?post=1153"}],"version-history":[{"count":8,"href":"http:\/\/reco-andes.com\/index.php\/wp-json\/wp\/v2\/pages\/1153\/revisions"}],"predecessor-version":[{"id":1243,"href":"http:\/\/reco-andes.com\/index.php\/wp-json\/wp\/v2\/pages\/1153\/revisions\/1243"}],"up":[{"embeddable":true,"href":"http:\/\/reco-andes.com\/index.php\/wp-json\/wp\/v2\/pages\/33"}],"wp:attachment":[{"href":"http:\/\/reco-andes.com\/index.php\/wp-json\/wp\/v2\/media?parent=1153"}],"curies":[{"name":"wp","href":"https:\/\/api.w.org\/{rel}","templated":true}]}}