{"id":1069,"date":"2024-08-24T14:14:40","date_gmt":"2024-08-24T20:14:40","guid":{"rendered":"http:\/\/reco-andes.com\/?page_id=1069"},"modified":"2024-08-25T18:31:09","modified_gmt":"2024-08-26T00:31:09","slug":"las-estrategias-aereas-y-subterraneas","status":"publish","type":"page","link":"http:\/\/reco-andes.com\/index.php\/noticias-y-eventos\/noticias\/las-estrategias-aereas-y-subterraneas\/","title":{"rendered":"KERSTIN PIERICK : LAS ESTRATEGIAS A\u00c9REAS Y SUBTERR\u00c1NEAS"},"content":{"rendered":"\t\t<div data-elementor-type=\"wp-page\" data-elementor-id=\"1069\" class=\"elementor elementor-1069\">\n\t\t\t\t<div class=\"elementor-element elementor-element-0dfa7ee e-con-full e-flex e-con e-parent\" data-id=\"0dfa7ee\" data-element_type=\"container\">\n\t\t\t\t<div class=\"elementor-element elementor-element-dfaebe9 elementor-widget elementor-widget-heading\" data-id=\"dfaebe9\" data-element_type=\"widget\" data-widget_type=\"heading.default\">\n\t\t\t\t<div class=\"elementor-widget-container\">\n\t\t\t<style>\/*! elementor - v3.21.0 - 25-04-2024 *\/\n.elementor-heading-title{padding:0;margin:0;line-height:1}.elementor-widget-heading .elementor-heading-title[class*=elementor-size-]>a{color:inherit;font-size:inherit;line-height:inherit}.elementor-widget-heading .elementor-heading-title.elementor-size-small{font-size:15px}.elementor-widget-heading .elementor-heading-title.elementor-size-medium{font-size:19px}.elementor-widget-heading .elementor-heading-title.elementor-size-large{font-size:29px}.elementor-widget-heading .elementor-heading-title.elementor-size-xl{font-size:39px}.elementor-widget-heading .elementor-heading-title.elementor-size-xxl{font-size:59px}<\/style><h1 class=\"elementor-heading-title elementor-size-default\">Kerstin Pierick: Las estrategias a\u00e9reas y subterr\u00e1neas de las especies arb\u00f3reas montanas tropicales est\u00e1n coordinadas e impulsadas por la disponibilidad de nitr\u00f3geno a peque\u00f1a escala<\/h1>\t\t<\/div>\n\t\t\t\t<\/div>\n\t\t\t\t<\/div>\n\t\t<div class=\"elementor-element elementor-element-76728e2 e-flex e-con-boxed e-con e-parent\" data-id=\"76728e2\" data-element_type=\"container\">\n\t\t\t\t\t<div class=\"e-con-inner\">\n\t\t\t\t<div class=\"elementor-element elementor-element-83494ac elementor-widget elementor-widget-text-editor\" data-id=\"83494ac\" data-element_type=\"widget\" data-widget_type=\"text-editor.default\">\n\t\t\t\t<div class=\"elementor-widget-container\">\n\t\t\t<style>\/*! elementor - v3.21.0 - 25-04-2024 *\/\n.elementor-widget-text-editor.elementor-drop-cap-view-stacked .elementor-drop-cap{background-color:#69727d;color:#fff}.elementor-widget-text-editor.elementor-drop-cap-view-framed .elementor-drop-cap{color:#69727d;border:3px solid;background-color:transparent}.elementor-widget-text-editor:not(.elementor-drop-cap-view-default) .elementor-drop-cap{margin-top:8px}.elementor-widget-text-editor:not(.elementor-drop-cap-view-default) .elementor-drop-cap-letter{width:1em;height:1em}.elementor-widget-text-editor .elementor-drop-cap{float:left;text-align:center;line-height:1;font-size:50px}.elementor-widget-text-editor .elementor-drop-cap-letter{display:inline-block}<\/style>\t\t\t\t<p>En nuestro \u00faltimo post, la postdoc Kerstin Pierick de la Universidad de G\u00f6ttingen presenta el \u00faltimo cap\u00edtulo de su tesis doctoral \u2018Las estrategias a\u00e9reas y subterr\u00e1neas de las especies arb\u00f3reas montanas tropicales est\u00e1n coordinadas e impulsadas por la disponibilidad de nitr\u00f3geno a peque\u00f1a escala\u2019. Kerstin presenta su impresionante sistema de estudio, discute la conexi\u00f3n entre ambiente y rasgos, y nos recuerda la importancia de cambiar el punto de vista para entender la naturaleza.<\/p><p><strong>Traducci\u00f3n del ingl\u00e9s\u202f:<\/strong> Selene B\u00e1ez<\/p>\t\t\t\t\t\t<\/div>\n\t\t\t\t<\/div>\n\t\t\t\t\t<\/div>\n\t\t\t\t<\/div>\n\t\t<div class=\"elementor-element elementor-element-7ac6c7a e-flex e-con-boxed e-con e-parent\" data-id=\"7ac6c7a\" data-element_type=\"container\">\n\t\t\t\t\t<div class=\"e-con-inner\">\n\t\t\t\t<div class=\"elementor-element elementor-element-4fd2ef9 elementor-widget elementor-widget-heading\" data-id=\"4fd2ef9\" data-element_type=\"widget\" data-widget_type=\"heading.default\">\n\t\t\t\t<div class=\"elementor-widget-container\">\n\t\t\t<h2 class=\"elementor-heading-title elementor-size-default\">Sobre el art\u00edculo y la investigaci\u00f3n<\/h2>\t\t<\/div>\n\t\t\t\t<\/div>\n\t\t\t\t\t<\/div>\n\t\t\t\t<\/div>\n\t\t<div class=\"elementor-element elementor-element-8cf3d75 e-flex e-con-boxed e-con e-parent\" data-id=\"8cf3d75\" data-element_type=\"container\">\n\t\t\t\t\t<div class=\"e-con-inner\">\n\t\t\t\t<div class=\"elementor-element elementor-element-399951a elementor-widget elementor-widget-text-editor\" data-id=\"399951a\" data-element_type=\"widget\" data-widget_type=\"text-editor.default\">\n\t\t\t\t<div class=\"elementor-widget-container\">\n\t\t\t\t\t\t\t<p>Los bosques montanos tropicales a lo largo de las laderas orientales de los Andes son uno de los lugares con mayor diversidad de especies arb\u00f3reas de la tierra. Desde los bosques amaz\u00f3nicos de tierras bajas hasta el l\u00edmite de los bosques, las condiciones ambientales, en primer lugar la temperatura, cambian gradualmente. Junto con eso, los bosques cambian visualmente: los exuberantes bosques premontanos con alturas de dosel de hasta 40 m y caracter\u00edsticas t\u00edpicas de la selva tropical de tierras bajas, como lianas y ra\u00edces de contrafuerte, se convierten gradualmente en bosques bajos con doseles por debajo de los 10 m cerca de la l\u00ednea del bosque, cubiertos de bri\u00f3fitas, l\u00edquenes y otras ep\u00edfitas. La mayor\u00eda de las especies arb\u00f3reas de la zona est\u00e1n restringidas a las condiciones espec\u00edficas de las estrechas bandas altitudinales, lo cual contribuye a la extraordinaria diversidad arb\u00f3rea de la regi\u00f3n.<\/p>\t\t\t\t\t\t<\/div>\n\t\t\t\t<\/div>\n\t\t\t\t\t<\/div>\n\t\t\t\t<\/div>\n\t\t<div class=\"elementor-element elementor-element-d8a3520 e-flex e-con-boxed e-con e-parent\" data-id=\"d8a3520\" data-element_type=\"container\">\n\t\t\t\t\t<div class=\"e-con-inner\">\n\t\t\t\t<div class=\"elementor-element elementor-element-af30db8 elementor-widget elementor-widget-image\" data-id=\"af30db8\" data-element_type=\"widget\" data-widget_type=\"image.default\">\n\t\t\t\t<div class=\"elementor-widget-container\">\n\t\t\t<style>\/*! elementor - v3.21.0 - 25-04-2024 *\/\n.elementor-widget-image{text-align:center}.elementor-widget-image a{display:inline-block}.elementor-widget-image a img[src$=\".svg\"]{width:48px}.elementor-widget-image img{vertical-align:middle;display:inline-block}<\/style>\t\t\t\t\t\t\t<figure class=\"wp-caption\">\n\t\t\t\t\t\t\t\t\t\t<img fetchpriority=\"high\" decoding=\"async\" width=\"640\" height=\"426\" src=\"http:\/\/reco-andes.com\/wp-content\/uploads\/2024\/08\/fig1.webp\" class=\"attachment-large size-large wp-image-1071\" alt=\"\" srcset=\"http:\/\/reco-andes.com\/wp-content\/uploads\/2024\/08\/fig1.webp 1024w, http:\/\/reco-andes.com\/wp-content\/uploads\/2024\/08\/fig1-300x200.webp 300w, http:\/\/reco-andes.com\/wp-content\/uploads\/2024\/08\/fig1-768x512.webp 768w, http:\/\/reco-andes.com\/wp-content\/uploads\/2024\/08\/fig1-600x400.webp 600w\" sizes=\"(max-width: 640px) 100vw, 640px\" \/>\t\t\t\t\t\t\t\t\t\t\t<figcaption class=\"widget-image-caption wp-caption-text\">Andean forest landscape at around 2000 m a.s.l. (credit: Kerstin Pierick) <\/figcaption>\n\t\t\t\t\t\t\t\t\t\t<\/figure>\n\t\t\t\t\t\t\t<\/div>\n\t\t\t\t<\/div>\n\t\t\t\t\t<\/div>\n\t\t\t\t<\/div>\n\t\t<div class=\"elementor-element elementor-element-f0dce4f e-flex e-con-boxed e-con e-parent\" data-id=\"f0dce4f\" data-element_type=\"container\">\n\t\t\t\t\t<div class=\"e-con-inner\">\n\t\t\t\t<div class=\"elementor-element elementor-element-e9e99d3 elementor-widget elementor-widget-text-editor\" data-id=\"e9e99d3\" data-element_type=\"widget\" data-widget_type=\"text-editor.default\">\n\t\t\t\t<div class=\"elementor-widget-container\">\n\t\t\t\t\t\t\t<p>En este extraordinario sistema de estudio, fascinante y desafiante al mismo tiempo, ya hab\u00edamos abordado en estudios anteriores la cuesti\u00f3n de si podemos usar rasgos funcionales para describir estrategias de especies arb\u00f3reas, y si estas estrategias determinan qu\u00e9 especies arb\u00f3reas crecen en qu\u00e9 condiciones. Nos centramos en los rasgos morfol\u00f3gicos y qu\u00edmicos de las hojas y las ra\u00edces finas que est\u00e1n relacionados con la disyuntiva de la conservaci\u00f3n vs. adquisici\u00f3n. Las plantas que priorizan la conservaci\u00f3n optimizan la longevidad de sus tejidos a costa del crecimiento y la absorci\u00f3n de recursos, invirtiendo en tejidos robustos y defensa. Las plantas que priorizan la adquisici\u00f3n, por otro lado, producen tejidos de r\u00e1pido crecimiento con altas tasas de absorci\u00f3n de recursos a costa de la longevidad. Los rasgos de las hojas y las ra\u00edces finas, por ejemplo, las densidades de los tejidos, expresan esta compensaci\u00f3n. En teor\u00eda, una estrategia conservadora deber\u00eda ser m\u00e1s apropiada cuando los recursos son escasos (la planta tiene que ser taca\u00f1a con sus recursos y protegerlos a toda costa), mientras que una estrategia adquisitiva deber\u00eda ser m\u00e1s apropiada cuando los nutrientes son abundantes (donde vale la pena ser m\u00e1s r\u00e1pido que sus vecinos para evitar la competencia). En el bosque montano tropical, el principal recurso en cuesti\u00f3n es el nitr\u00f3geno. A medida que la temperatura disminuye hacia altitudes m\u00e1s altas, los procesos de descomposici\u00f3n en el suelo se ralentizan y el nitr\u00f3geno tarda m\u00e1s en volver a estar disponible para las plantas, lo que conduce a suelos menos f\u00e9rtiles en elevaciones m\u00e1s altas. Como consecuencia, en teor\u00eda, las especies arb\u00f3reas de las bandas de menor altitud deber\u00edan tener rasgos m\u00e1s adquisitivos, mientras que las especies de mayor altitud deber\u00edan tener rasgos conservadores. Esto es, en principio, lo que encontramos en estudios anteriores, pero solo en promedio. Siempre nos desconcert\u00f3 la gama excepcionalmente amplia de rasgos que encontramos en las especies coexistentes en nuestras peque\u00f1as parcelas de estudio, donde coexisten especies con estrategias muy conservadoras y muy adquisitivas una al lado de la otra.<\/p>\t\t\t\t\t\t<\/div>\n\t\t\t\t<\/div>\n\t\t\t\t\t<\/div>\n\t\t\t\t<\/div>\n\t\t<div class=\"elementor-element elementor-element-280ca19 e-flex e-con-boxed e-con e-parent\" data-id=\"280ca19\" data-element_type=\"container\">\n\t\t\t\t\t<div class=\"e-con-inner\">\n\t\t<div class=\"elementor-element elementor-element-c4cd1ec e-con-full e-flex e-con e-child\" data-id=\"c4cd1ec\" data-element_type=\"container\">\n\t\t\t\t<div class=\"elementor-element elementor-element-e34ec28 elementor-widget elementor-widget-image\" data-id=\"e34ec28\" data-element_type=\"widget\" data-widget_type=\"image.default\">\n\t\t\t\t<div class=\"elementor-widget-container\">\n\t\t\t\t\t\t\t\t\t\t<figure class=\"wp-caption\">\n\t\t\t\t\t\t\t\t\t\t<img decoding=\"async\" width=\"640\" height=\"480\" src=\"http:\/\/reco-andes.com\/wp-content\/uploads\/2024\/08\/fig2b.webp\" class=\"attachment-large size-large wp-image-1079\" alt=\"\" srcset=\"http:\/\/reco-andes.com\/wp-content\/uploads\/2024\/08\/fig2b.webp 1024w, http:\/\/reco-andes.com\/wp-content\/uploads\/2024\/08\/fig2b-300x225.webp 300w, http:\/\/reco-andes.com\/wp-content\/uploads\/2024\/08\/fig2b-768x576.webp 768w\" sizes=\"(max-width: 640px) 100vw, 640px\" \/>\t\t\t\t\t\t\t\t\t\t\t<figcaption class=\"widget-image-caption wp-caption-text\"><\/figcaption>\n\t\t\t\t\t\t\t\t\t\t<\/figure>\n\t\t\t\t\t\t\t<\/div>\n\t\t\t\t<\/div>\n\t\t\t\t<\/div>\n\t\t<div class=\"elementor-element elementor-element-e9d1540 e-con-full e-flex e-con e-child\" data-id=\"e9d1540\" data-element_type=\"container\">\n\t\t\t\t<div class=\"elementor-element elementor-element-0fdc7e2 elementor-widget elementor-widget-image\" data-id=\"0fdc7e2\" data-element_type=\"widget\" data-widget_type=\"image.default\">\n\t\t\t\t<div class=\"elementor-widget-container\">\n\t\t\t\t\t\t\t\t\t\t\t\t\t<img decoding=\"async\" width=\"640\" height=\"960\" src=\"http:\/\/reco-andes.com\/wp-content\/uploads\/2024\/08\/fig2a.webp\" class=\"attachment-large size-large wp-image-1078\" alt=\"\" srcset=\"http:\/\/reco-andes.com\/wp-content\/uploads\/2024\/08\/fig2a.webp 683w, http:\/\/reco-andes.com\/wp-content\/uploads\/2024\/08\/fig2a-200x300.webp 200w\" sizes=\"(max-width: 640px) 100vw, 640px\" \/>\t\t\t\t\t\t\t\t\t\t\t\t\t<\/div>\n\t\t\t\t<\/div>\n\t\t\t\t<\/div>\n\t\t\t\t\t<\/div>\n\t\t\t\t<\/div>\n\t\t<div class=\"elementor-element elementor-element-c7b9cc1 e-flex e-con-boxed e-con e-parent\" data-id=\"c7b9cc1\" data-element_type=\"container\">\n\t\t\t\t\t<div class=\"e-con-inner\">\n\t\t\t\t<div class=\"elementor-element elementor-element-a12501e elementor-absolute elementor-widget elementor-widget-text-editor\" data-id=\"a12501e\" data-element_type=\"widget\" data-settings=\"{&quot;_position&quot;:&quot;absolute&quot;}\" data-widget_type=\"text-editor.default\">\n\t\t\t\t<div class=\"elementor-widget-container\">\n\t\t\t\t\t\t\t<p><em>Impression from the forests at around 2000 m a.s.l. (credit: 2a Kerstin Pierick, 2b J\u00fcrgen Homeier)<\/em><\/p>\t\t\t\t\t\t<\/div>\n\t\t\t\t<\/div>\n\t\t\t\t<div class=\"elementor-element elementor-element-d2afc46 elementor-widget elementor-widget-text-editor\" data-id=\"d2afc46\" data-element_type=\"widget\" data-widget_type=\"text-editor.default\">\n\t\t\t\t<div class=\"elementor-widget-container\">\n\t\t\t\t\t\t\t<p>Es por eso que decidimos desentra\u00f1ar esta variaci\u00f3n de rasgos morfol\u00f3gicos dentro de la trama. En este estudio, en lugar de medir las condiciones ambientales a nivel de varios metros cuadrados como es habitual, tomamos una muestra de suelo directamente al lado de la base del tallo de m\u00e1s de 400 \u00e1rboles y medimos la disponibilidad de nitr\u00f3geno disponible para la planta. A continuaci\u00f3n, analizamos si estos datos de fertilidad del suelo pod\u00edan predecir los rasgos funcionales de los \u00e1rboles, y los resultados fueron sorprendentes: no solo hab\u00eda mucha heterogeneidad de la cantidad de nitr\u00f3geno en el suelo dentro de nuestras parcelas y una gran superposici\u00f3n en la fertilidad del suelo entre las bandas de elevaci\u00f3n analizadas, sino que esta heterogeneidad a peque\u00f1a escala tambi\u00e9n estaba estrechamente asociada con las estrategias de las especies arb\u00f3reas. El contenido de nitr\u00f3geno en el suelo explic\u00f3 una proporci\u00f3n mucho mayor de variaci\u00f3n en los rasgos funcionales del \u00e1rbol en comparaci\u00f3n con la elevaci\u00f3n por s\u00ed sola. Dentro de nuestras parcelas de 1 ha, las especies arb\u00f3reas con estrategias conservadoras crecieron en lugares menos f\u00e9rtiles, y las especies arb\u00f3reas con estrategias adquisitivas en lugares m\u00e1s f\u00e9rtiles.<\/p>\t\t\t\t\t\t<\/div>\n\t\t\t\t<\/div>\n\t\t\t\t\t<\/div>\n\t\t\t\t<\/div>\n\t\t<div class=\"elementor-element elementor-element-b73aa2d e-flex e-con-boxed e-con e-parent\" data-id=\"b73aa2d\" data-element_type=\"container\">\n\t\t\t\t\t<div class=\"e-con-inner\">\n\t\t\t\t<div class=\"elementor-element elementor-element-f6caeab elementor-widget elementor-widget-image\" data-id=\"f6caeab\" data-element_type=\"widget\" data-widget_type=\"image.default\">\n\t\t\t\t<div class=\"elementor-widget-container\">\n\t\t\t\t\t\t\t\t\t\t<figure class=\"wp-caption\">\n\t\t\t\t\t\t\t\t\t\t<img loading=\"lazy\" decoding=\"async\" width=\"640\" height=\"960\" src=\"http:\/\/reco-andes.com\/wp-content\/uploads\/2024\/08\/fig3.webp\" class=\"attachment-large size-large wp-image-1077\" alt=\"\" srcset=\"http:\/\/reco-andes.com\/wp-content\/uploads\/2024\/08\/fig3.webp 683w, http:\/\/reco-andes.com\/wp-content\/uploads\/2024\/08\/fig3-200x300.webp 200w\" sizes=\"(max-width: 640px) 100vw, 640px\" \/>\t\t\t\t\t\t\t\t\t\t\t<figcaption class=\"widget-image-caption wp-caption-text\">Steep wooden stairs lead to the forest plots (credit: Kerstin Pierick) <\/figcaption>\n\t\t\t\t\t\t\t\t\t\t<\/figure>\n\t\t\t\t\t\t\t<\/div>\n\t\t\t\t<\/div>\n\t\t\t\t\t<\/div>\n\t\t\t\t<\/div>\n\t\t<div class=\"elementor-element elementor-element-ba8618b e-flex e-con-boxed e-con e-parent\" data-id=\"ba8618b\" data-element_type=\"container\">\n\t\t\t\t\t<div class=\"e-con-inner\">\n\t\t\t\t<div class=\"elementor-element elementor-element-c795609 elementor-widget elementor-widget-text-editor\" data-id=\"c795609\" data-element_type=\"widget\" data-widget_type=\"text-editor.default\">\n\t\t\t\t<div class=\"elementor-widget-container\">\n\t\t\t\t\t\t\t<p>Estos resultados arrojan dos conclusiones principales: en primer lugar, la heterogeneidad local del suelo, probablemente como resultado de la topograf\u00eda accidentada de las empinadas laderas de las monta\u00f1as, es potencialmente otro factor explicativo de por qu\u00e9 tantas especies de \u00e1rboles con diferentes estrategias pueden coexistir en los bosques montanos tropicales. En segundo lugar, y esto es aplicable no solo a los bosques montanos tropicales, a veces la clave para comprender los ecosistemas no radica en la escala espacial en la que solemos trabajar, y es necesario examinar procesos a escalas espaciales peque\u00f1as.<\/p>\t\t\t\t\t\t<\/div>\n\t\t\t\t<\/div>\n\t\t\t\t\t<\/div>\n\t\t\t\t<\/div>\n\t\t<div class=\"elementor-element elementor-element-589c9e3 e-flex e-con-boxed e-con e-parent\" data-id=\"589c9e3\" data-element_type=\"container\">\n\t\t\t\t\t<div class=\"e-con-inner\">\n\t\t<div class=\"elementor-element elementor-element-db25b99 e-con-full e-flex e-con e-child\" data-id=\"db25b99\" data-element_type=\"container\">\n\t\t\t\t<div class=\"elementor-element elementor-element-d29b970 elementor-widget elementor-widget-image\" data-id=\"d29b970\" data-element_type=\"widget\" data-widget_type=\"image.default\">\n\t\t\t\t<div class=\"elementor-widget-container\">\n\t\t\t\t\t\t\t\t\t\t<figure class=\"wp-caption\">\n\t\t\t\t\t\t\t\t\t\t<img loading=\"lazy\" decoding=\"async\" width=\"640\" height=\"853\" src=\"http:\/\/reco-andes.com\/wp-content\/uploads\/2024\/08\/fig4b.webp\" class=\"attachment-large size-large wp-image-1080\" alt=\"\" srcset=\"http:\/\/reco-andes.com\/wp-content\/uploads\/2024\/08\/fig4b.webp 768w, http:\/\/reco-andes.com\/wp-content\/uploads\/2024\/08\/fig4b-225x300.webp 225w\" sizes=\"(max-width: 640px) 100vw, 640px\" \/>\t\t\t\t\t\t\t\t\t\t\t<figcaption class=\"widget-image-caption wp-caption-text\"><\/figcaption>\n\t\t\t\t\t\t\t\t\t\t<\/figure>\n\t\t\t\t\t\t\t<\/div>\n\t\t\t\t<\/div>\n\t\t\t\t<\/div>\n\t\t<div class=\"elementor-element elementor-element-d819d0b e-con-full e-flex e-con e-child\" data-id=\"d819d0b\" data-element_type=\"container\">\n\t\t\t\t<div class=\"elementor-element elementor-element-d4a6cbc elementor-widget elementor-widget-image\" data-id=\"d4a6cbc\" data-element_type=\"widget\" data-widget_type=\"image.default\">\n\t\t\t\t<div class=\"elementor-widget-container\">\n\t\t\t\t\t\t\t\t\t\t\t\t\t<img loading=\"lazy\" decoding=\"async\" width=\"640\" height=\"359\" src=\"http:\/\/reco-andes.com\/wp-content\/uploads\/2024\/08\/fig4a.webp\" class=\"attachment-large size-large wp-image-1081\" alt=\"\" srcset=\"http:\/\/reco-andes.com\/wp-content\/uploads\/2024\/08\/fig4a.webp 1024w, http:\/\/reco-andes.com\/wp-content\/uploads\/2024\/08\/fig4a-300x168.webp 300w, http:\/\/reco-andes.com\/wp-content\/uploads\/2024\/08\/fig4a-768x431.webp 768w\" sizes=\"(max-width: 640px) 100vw, 640px\" \/>\t\t\t\t\t\t\t\t\t\t\t\t\t<\/div>\n\t\t\t\t<\/div>\n\t\t\t\t<\/div>\n\t\t\t\t\t<\/div>\n\t\t\t\t<\/div>\n\t\t<div class=\"elementor-element elementor-element-91cf13c e-flex e-con-boxed e-con e-parent\" data-id=\"91cf13c\" data-element_type=\"container\">\n\t\t\t\t\t<div class=\"e-con-inner\">\n\t\t\t\t<div class=\"elementor-element elementor-element-b3b2e73 elementor-widget__width-initial elementor-absolute elementor-widget elementor-widget-text-editor\" data-id=\"b3b2e73\" data-element_type=\"widget\" data-settings=\"{&quot;_position&quot;:&quot;absolute&quot;}\" data-widget_type=\"text-editor.default\">\n\t\t\t\t<div class=\"elementor-widget-container\">\n\t\t\t\t\t\t\t<p><em>Fine root strands of a focal tree are excavated <\/em><em>manually by tracing coarse roots from the <\/em><em>stembase\u2026<\/em><\/p>\t\t\t\t\t\t<\/div>\n\t\t\t\t<\/div>\n\t\t\t\t<div class=\"elementor-element elementor-element-7e02f0b elementor-widget__width-initial elementor-absolute elementor-widget elementor-widget-text-editor\" data-id=\"7e02f0b\" data-element_type=\"widget\" data-settings=\"{&quot;_position&quot;:&quot;absolute&quot;}\" data-widget_type=\"text-editor.default\">\n\t\t\t\t<div class=\"elementor-widget-container\">\n\t\t\t\t\t\t\t<p>\u2026and then washed thoroughly by Kerstin Pierick (credit both: J\u00fcrgen Homeier)<\/p>\t\t\t\t\t\t<\/div>\n\t\t\t\t<\/div>\n\t\t\t\t\t<\/div>\n\t\t\t\t<\/div>\n\t\t\t\t<\/div>\n\t\t","protected":false},"excerpt":{"rendered":"<p>Kerstin Pierick: Las estrategias a\u00e9reas y subterr\u00e1neas de las especies arb\u00f3reas montanas tropicales est\u00e1n coordinadas e impulsadas por la disponibilidad de nitr\u00f3geno a peque\u00f1a escala En nuestro \u00faltimo post, la postdoc Kerstin Pierick de la Universidad de G\u00f6ttingen presenta el \u00faltimo cap\u00edtulo de su tesis doctoral \u2018Las estrategias a\u00e9reas y subterr\u00e1neas de las especies arb\u00f3reas montanas tropicales est\u00e1n coordinadas e [&hellip;]<\/p>\n","protected":false},"author":1,"featured_media":0,"parent":124,"menu_order":0,"comment_status":"closed","ping_status":"closed","template":"","meta":{"footnotes":""},"_links":{"self":[{"href":"http:\/\/reco-andes.com\/index.php\/wp-json\/wp\/v2\/pages\/1069"}],"collection":[{"href":"http:\/\/reco-andes.com\/index.php\/wp-json\/wp\/v2\/pages"}],"about":[{"href":"http:\/\/reco-andes.com\/index.php\/wp-json\/wp\/v2\/types\/page"}],"author":[{"embeddable":true,"href":"http:\/\/reco-andes.com\/index.php\/wp-json\/wp\/v2\/users\/1"}],"replies":[{"embeddable":true,"href":"http:\/\/reco-andes.com\/index.php\/wp-json\/wp\/v2\/comments?post=1069"}],"version-history":[{"count":16,"href":"http:\/\/reco-andes.com\/index.php\/wp-json\/wp\/v2\/pages\/1069\/revisions"}],"predecessor-version":[{"id":1101,"href":"http:\/\/reco-andes.com\/index.php\/wp-json\/wp\/v2\/pages\/1069\/revisions\/1101"}],"up":[{"embeddable":true,"href":"http:\/\/reco-andes.com\/index.php\/wp-json\/wp\/v2\/pages\/124"}],"wp:attachment":[{"href":"http:\/\/reco-andes.com\/index.php\/wp-json\/wp\/v2\/media?parent=1069"}],"curies":[{"name":"wp","href":"https:\/\/api.w.org\/{rel}","templated":true}]}}